{"id":16,"date":"2018-08-09T09:37:00","date_gmt":"2018-08-09T07:37:00","guid":{"rendered":"http:\/\/127.0.0.1\/wordpress\/?page_id=16"},"modified":"2024-09-09T19:51:53","modified_gmt":"2024-09-09T17:51:53","slug":"licences","status":"publish","type":"page","link":"https:\/\/www.badachaz.org\/?page_id=16","title":{"rendered":"Licences"},"content":{"rendered":"<h2><b>\u00c0 chacun sa licence\u2026<\/b><\/h2>\n<p><span style=\"font-weight: 400;\">\u00c0 Chazay, tous les badistes sont les bienvenus !<\/span><\/p>\n<p><span style=\"font-weight: 400;\">Que vous soyez jeunes ou moins jeunes, comp\u00e9titeurs, d\u00e9sireux d\u2019apprendre les bases du badminton ou m\u00eame joueur loisirs, nous avons une licence qui vous correspond.<\/span><\/p>\n<h2><b>Pour les jeunes (jusqu\u2019\u00e0 18 ans)<\/b><\/h2>\n<ul>\n<li style=\"font-weight: 400;\" aria-level=\"1\"><b>\ud83e\udd29<\/b> <span style=\"font-weight: 400;\">Jeu libre uniquement <\/span><span style=\"font-weight: 400;\">(\u00e0 partir de cadet)<\/span><span style=\"font-weight: 400;\"> : 125 \u20ac\u00a0<\/span><\/li>\n<li style=\"font-weight: 400;\" aria-level=\"1\"><span style=\"font-weight: 400;\">\ud83d\udcaa Cr\u00e9neau encadr\u00e9 : 140 \u20ac<\/span>\n<ul>\n<li style=\"font-weight: 400;\" aria-level=\"2\"><span style=\"font-weight: 400;\">Prise en charge des frais d\u2019inscription aux tournois jeunes.<\/span><\/li>\n<\/ul>\n<\/li>\n<li style=\"font-weight: 400;\" aria-level=\"1\"><span style=\"font-weight: 400;\">\ud83c\udfc6 Entra\u00eenement comp\u00e9tition : 170 \u20ac<\/span>\n<ul>\n<li style=\"font-weight: 400;\" aria-level=\"2\"><span style=\"font-weight: 400;\">\u00c9ligibilit\u00e9 \u00e9quipes INTERCLUB,<\/span><\/li>\n<li style=\"font-weight: 400;\" aria-level=\"2\"><span style=\"font-weight: 400;\">Prise en charge des frais d\u2019inscriptions aux tournois jeunes.<\/span><\/li>\n<\/ul>\n<\/li>\n<\/ul>\n<h2><b>Pour les moins jeunes (18 ans et +)<\/b><\/h2>\n<ul>\n<li style=\"font-weight: 400;\" aria-level=\"1\"><b>\ud83e\udd29 Loisirs<\/b><span style=\"font-weight: 400;\"> : 125 \u20ac<\/span>\n<ul>\n<li style=\"font-weight: 400;\" aria-level=\"2\"><span style=\"font-weight: 400;\">Cr\u00e9neau du samedi matin.<\/span><\/li>\n<\/ul>\n<\/li>\n<li style=\"font-weight: 400;\" aria-level=\"1\"><span style=\"font-weight: 400;\">\ud83d\udcaa <\/span><b>Encadr\u00e9s<\/b><span style=\"font-weight: 400;\"> : 140 \u20ac<\/span>\n<ul>\n<li style=\"font-weight: 400;\" aria-level=\"2\"><span style=\"font-weight: 400;\">Prise en charge de 50 % des frais d\u2019inscription sur les tournois de Chazay,<\/span><\/li>\n<li style=\"font-weight: 400;\" aria-level=\"2\"><span style=\"font-weight: 400;\">Cr\u00e9neau du mardi soir.<\/span><\/li>\n<\/ul>\n<\/li>\n<li style=\"font-weight: 400;\" aria-level=\"1\"><span style=\"font-weight: 400;\">\ud83c\udfc6 <\/span><b>Comp\u00e9titeurs<\/b><span style=\"font-weight: 400;\"> : 170 \u20ac<\/span>\n<ul>\n<li style=\"font-weight: 400;\" aria-level=\"2\"><span style=\"font-weight: 400;\">\u00c9ligibilit\u00e9 \u00e9quipes INTERCLUB,<\/span><\/li>\n<li style=\"font-weight: 400;\" aria-level=\"2\"><span style=\"font-weight: 400;\">7 tournois gratuits (dont les <\/span><span style=\"font-weight: 400;\">2 <\/span><span style=\"font-weight: 400;\">tournois de Chazay sur un tableau uniquement),<\/span><\/li>\n<li style=\"font-weight: 400;\" aria-level=\"2\"><span style=\"font-weight: 400;\">Entra\u00eenement 1 mardi soir sur 2<\/span><span style=\"font-weight: 400;\">.<\/span><\/li>\n<\/ul>\n<\/li>\n<\/ul>\n","protected":false},"excerpt":{"rendered":"<p>\u00c0 chacun sa licence\u2026 \u00c0 Chazay, tous les badistes sont les bienvenus ! Que vous soyez jeunes ou moins jeunes,&hellip;<\/p>\n","protected":false},"author":1,"featured_media":0,"parent":0,"menu_order":0,"comment_status":"closed","ping_status":"closed","template":"","meta":{"footnotes":""},"class_list":["post-16","page","type-page","status-publish","hentry"],"yoast_head":"<!-- This site is optimized with the Yoast SEO plugin v27.4 - https:\/\/yoast.com\/product\/yoast-seo-wordpress\/ -->\n<title>Licences -<\/title>\n<meta name=\"robots\" content=\"index, follow, max-snippet:-1, max-image-preview:large, max-video-preview:-1\" \/>\n<link rel=\"canonical\" href=\"https:\/\/www.badachaz.org\/?page_id=16\" \/>\n<meta property=\"og:locale\" content=\"fr_FR\" \/>\n<meta property=\"og:type\" content=\"article\" \/>\n<meta property=\"og:title\" content=\"Licences -\" \/>\n<meta property=\"og:description\" content=\"\u00c0 chacun sa licence\u2026 \u00c0 Chazay, tous les badistes sont les bienvenus ! Que vous soyez jeunes ou moins jeunes,&hellip;\" \/>\n<meta property=\"og:url\" content=\"https:\/\/www.badachaz.org\/?page_id=16\" \/>\n<meta property=\"article:modified_time\" content=\"2024-09-09T17:51:53+00:00\" \/>\n<meta name=\"twitter:card\" content=\"summary_large_image\" \/>\n<meta name=\"twitter:label1\" content=\"Dur\u00e9e de lecture estim\u00e9e\" \/>\n\t<meta name=\"twitter:data1\" content=\"1 minute\" \/>\n<script type=\"application\/ld+json\" class=\"yoast-schema-graph\">{\"@context\":\"https:\\\/\\\/schema.org\",\"@graph\":[{\"@type\":\"WebPage\",\"@id\":\"https:\\\/\\\/www.badachaz.org\\\/?page_id=16\",\"url\":\"https:\\\/\\\/www.badachaz.org\\\/?page_id=16\",\"name\":\"Licences -\",\"isPartOf\":{\"@id\":\"https:\\\/\\\/www.badachaz.org\\\/#website\"},\"datePublished\":\"2018-08-09T07:37:00+00:00\",\"dateModified\":\"2024-09-09T17:51:53+00:00\",\"breadcrumb\":{\"@id\":\"https:\\\/\\\/www.badachaz.org\\\/?page_id=16#breadcrumb\"},\"inLanguage\":\"fr-FR\",\"potentialAction\":[{\"@type\":\"ReadAction\",\"target\":[\"https:\\\/\\\/www.badachaz.org\\\/?page_id=16\"]}]},{\"@type\":\"BreadcrumbList\",\"@id\":\"https:\\\/\\\/www.badachaz.org\\\/?page_id=16#breadcrumb\",\"itemListElement\":[{\"@type\":\"ListItem\",\"position\":1,\"name\":\"Accueil\",\"item\":\"https:\\\/\\\/www.badachaz.org\\\/\"},{\"@type\":\"ListItem\",\"position\":2,\"name\":\"Licences\"}]},{\"@type\":\"WebSite\",\"@id\":\"https:\\\/\\\/www.badachaz.org\\\/#website\",\"url\":\"https:\\\/\\\/www.badachaz.org\\\/\",\"name\":\"\",\"description\":\"Badminton Club Chazay d&#039;Azergues\",\"publisher\":{\"@id\":\"https:\\\/\\\/www.badachaz.org\\\/#organization\"},\"potentialAction\":[{\"@type\":\"SearchAction\",\"target\":{\"@type\":\"EntryPoint\",\"urlTemplate\":\"https:\\\/\\\/www.badachaz.org\\\/?s={search_term_string}\"},\"query-input\":{\"@type\":\"PropertyValueSpecification\",\"valueRequired\":true,\"valueName\":\"search_term_string\"}}],\"inLanguage\":\"fr-FR\"},{\"@type\":\"Organization\",\"@id\":\"https:\\\/\\\/www.badachaz.org\\\/#organization\",\"name\":\"Badachaz\",\"url\":\"https:\\\/\\\/www.badachaz.org\\\/\",\"logo\":{\"@type\":\"ImageObject\",\"inLanguage\":\"fr-FR\",\"@id\":\"https:\\\/\\\/www.badachaz.org\\\/#\\\/schema\\\/logo\\\/image\\\/\",\"url\":\"https:\\\/\\\/www.badachaz.org\\\/wp-content\\\/uploads\\\/2018\\\/08\\\/cropped-LOGO_BADACHAZ_NEUTRE_FT.png\",\"contentUrl\":\"https:\\\/\\\/www.badachaz.org\\\/wp-content\\\/uploads\\\/2018\\\/08\\\/cropped-LOGO_BADACHAZ_NEUTRE_FT.png\",\"width\":512,\"height\":512,\"caption\":\"Badachaz\"},\"image\":{\"@id\":\"https:\\\/\\\/www.badachaz.org\\\/#\\\/schema\\\/logo\\\/image\\\/\"}}]}<\/script>\n<!-- \/ Yoast SEO plugin. -->","yoast_head_json":{"title":"Licences -","robots":{"index":"index","follow":"follow","max-snippet":"max-snippet:-1","max-image-preview":"max-image-preview:large","max-video-preview":"max-video-preview:-1"},"canonical":"https:\/\/www.badachaz.org\/?page_id=16","og_locale":"fr_FR","og_type":"article","og_title":"Licences -","og_description":"\u00c0 chacun sa licence\u2026 \u00c0 Chazay, tous les badistes sont les bienvenus ! Que vous soyez jeunes ou moins jeunes,&hellip;","og_url":"https:\/\/www.badachaz.org\/?page_id=16","article_modified_time":"2024-09-09T17:51:53+00:00","twitter_card":"summary_large_image","twitter_misc":{"Dur\u00e9e de lecture estim\u00e9e":"1 minute"},"schema":{"@context":"https:\/\/schema.org","@graph":[{"@type":"WebPage","@id":"https:\/\/www.badachaz.org\/?page_id=16","url":"https:\/\/www.badachaz.org\/?page_id=16","name":"Licences -","isPartOf":{"@id":"https:\/\/www.badachaz.org\/#website"},"datePublished":"2018-08-09T07:37:00+00:00","dateModified":"2024-09-09T17:51:53+00:00","breadcrumb":{"@id":"https:\/\/www.badachaz.org\/?page_id=16#breadcrumb"},"inLanguage":"fr-FR","potentialAction":[{"@type":"ReadAction","target":["https:\/\/www.badachaz.org\/?page_id=16"]}]},{"@type":"BreadcrumbList","@id":"https:\/\/www.badachaz.org\/?page_id=16#breadcrumb","itemListElement":[{"@type":"ListItem","position":1,"name":"Accueil","item":"https:\/\/www.badachaz.org\/"},{"@type":"ListItem","position":2,"name":"Licences"}]},{"@type":"WebSite","@id":"https:\/\/www.badachaz.org\/#website","url":"https:\/\/www.badachaz.org\/","name":"","description":"Badminton Club Chazay d&#039;Azergues","publisher":{"@id":"https:\/\/www.badachaz.org\/#organization"},"potentialAction":[{"@type":"SearchAction","target":{"@type":"EntryPoint","urlTemplate":"https:\/\/www.badachaz.org\/?s={search_term_string}"},"query-input":{"@type":"PropertyValueSpecification","valueRequired":true,"valueName":"search_term_string"}}],"inLanguage":"fr-FR"},{"@type":"Organization","@id":"https:\/\/www.badachaz.org\/#organization","name":"Badachaz","url":"https:\/\/www.badachaz.org\/","logo":{"@type":"ImageObject","inLanguage":"fr-FR","@id":"https:\/\/www.badachaz.org\/#\/schema\/logo\/image\/","url":"https:\/\/www.badachaz.org\/wp-content\/uploads\/2018\/08\/cropped-LOGO_BADACHAZ_NEUTRE_FT.png","contentUrl":"https:\/\/www.badachaz.org\/wp-content\/uploads\/2018\/08\/cropped-LOGO_BADACHAZ_NEUTRE_FT.png","width":512,"height":512,"caption":"Badachaz"},"image":{"@id":"https:\/\/www.badachaz.org\/#\/schema\/logo\/image\/"}}]}},"_links":{"self":[{"href":"https:\/\/www.badachaz.org\/index.php?rest_route=\/wp\/v2\/pages\/16","targetHints":{"allow":["GET"]}}],"collection":[{"href":"https:\/\/www.badachaz.org\/index.php?rest_route=\/wp\/v2\/pages"}],"about":[{"href":"https:\/\/www.badachaz.org\/index.php?rest_route=\/wp\/v2\/types\/page"}],"author":[{"embeddable":true,"href":"https:\/\/www.badachaz.org\/index.php?rest_route=\/wp\/v2\/users\/1"}],"replies":[{"embeddable":true,"href":"https:\/\/www.badachaz.org\/index.php?rest_route=%2Fwp%2Fv2%2Fcomments&post=16"}],"version-history":[{"count":16,"href":"https:\/\/www.badachaz.org\/index.php?rest_route=\/wp\/v2\/pages\/16\/revisions"}],"predecessor-version":[{"id":5591,"href":"https:\/\/www.badachaz.org\/index.php?rest_route=\/wp\/v2\/pages\/16\/revisions\/5591"}],"wp:attachment":[{"href":"https:\/\/www.badachaz.org\/index.php?rest_route=%2Fwp%2Fv2%2Fmedia&parent=16"}],"curies":[{"name":"wp","href":"https:\/\/api.w.org\/{rel}","templated":true}]}}