{"id":33,"date":"2018-08-09T10:52:11","date_gmt":"2018-08-09T08:52:11","guid":{"rendered":"http:\/\/127.0.0.1\/wordpress\/?page_id=33"},"modified":"2024-09-09T20:01:54","modified_gmt":"2024-09-09T18:01:54","slug":"tournois-internes","status":"publish","type":"page","link":"https:\/\/www.badachaz.org\/?page_id=33","title":{"rendered":"Tournois internes"},"content":{"rendered":"<p><span style=\"font-weight: 400;\">Pour ne pas faillir \u00e0 sa <\/span><b>r\u00e9putation de club convivial<\/b><span style=\"font-weight: 400;\">, Bad\u2019 A Chaz\u2019 organise diff\u00e9rents tournois internes tout au long de la saison afin de la rythmer et de f\u00eater ensemble les \u00e9v\u00e9nements annuels.<\/span><\/p>\n<ul>\n<li style=\"font-weight: 400;\" aria-level=\"1\"><b>Septembre<\/b><b> : tournoi d\u2019accueil<\/b>\n<ul>\n<li style=\"font-weight: 400;\" aria-level=\"2\"><span style=\"font-weight: 400;\">tournoi de doubles<\/span><\/li>\n<li style=\"font-weight: 400;\" aria-level=\"2\"><span style=\"font-weight: 400;\">\u00e9quipes compos\u00e9es d\u2019un \u00ab ancien \u00bb avec un \u00ab nouveau \u00bb<\/span><\/li>\n<\/ul>\n<\/li>\n<li style=\"font-weight: 400;\" aria-level=\"1\"><b>Octobre<\/b><b> : tournoi d\u2019Halloween<\/b>\n<ul>\n<li style=\"font-weight: 400;\" aria-level=\"2\"><span style=\"font-weight: 400;\">d\u00e9guis\u00e9<\/span><\/li>\n<li style=\"font-weight: 400;\" aria-level=\"2\"><span style=\"font-weight: 400;\">objectif : effrayer vos adversaires avec votre accoutrement<\/span><\/li>\n<li style=\"font-weight: 400;\" aria-level=\"2\"><span style=\"font-weight: 400;\">tournoi salade, on change de partenaire \u00e0 chaque match<\/span><\/li>\n<\/ul>\n<\/li>\n<li style=\"font-weight: 400;\" aria-level=\"1\"><b>D\u00e9cembre<\/b><b> : tournoi de No\u00ebl<\/b>\n<ul>\n<li style=\"font-weight: 400;\" aria-level=\"2\"><span style=\"font-weight: 400;\">dress code : rouge et blanc<\/span><\/li>\n<li style=\"font-weight: 400;\" aria-level=\"2\"><span style=\"font-weight: 400;\">je choisis mon partenaire pour la soir\u00e9e<\/span><\/li>\n<\/ul>\n<\/li>\n<li style=\"font-weight: 400;\" aria-level=\"1\"><b>Avril<\/b><b> : tournoi de P\u00e2ques<\/b>\n<ul>\n<li style=\"font-weight: 400;\" aria-level=\"2\"><span style=\"font-weight: 400;\">tournoi salade, on change de partenaire \u00e0 chaque match<\/span><\/li>\n<\/ul>\n<\/li>\n<\/ul>\n","protected":false},"excerpt":{"rendered":"<p>Pour ne pas faillir \u00e0 sa r\u00e9putation de club convivial, Bad\u2019 A Chaz\u2019 organise diff\u00e9rents tournois internes tout au long&hellip;<\/p>\n","protected":false},"author":1,"featured_media":0,"parent":0,"menu_order":0,"comment_status":"closed","ping_status":"closed","template":"","meta":{"footnotes":""},"class_list":["post-33","page","type-page","status-publish","hentry"],"yoast_head":"<!-- This site is optimized with the Yoast SEO plugin v27.4 - https:\/\/yoast.com\/product\/yoast-seo-wordpress\/ -->\n<title>Tournois internes -<\/title>\n<meta name=\"robots\" content=\"index, follow, max-snippet:-1, max-image-preview:large, max-video-preview:-1\" \/>\n<link rel=\"canonical\" href=\"https:\/\/www.badachaz.org\/?page_id=33\" \/>\n<meta property=\"og:locale\" content=\"fr_FR\" \/>\n<meta property=\"og:type\" content=\"article\" \/>\n<meta property=\"og:title\" content=\"Tournois internes -\" \/>\n<meta property=\"og:description\" content=\"Pour ne pas faillir \u00e0 sa r\u00e9putation de club convivial, Bad\u2019 A Chaz\u2019 organise diff\u00e9rents tournois internes tout au long&hellip;\" \/>\n<meta property=\"og:url\" content=\"https:\/\/www.badachaz.org\/?page_id=33\" \/>\n<meta property=\"article:modified_time\" content=\"2024-09-09T18:01:54+00:00\" \/>\n<meta name=\"twitter:card\" content=\"summary_large_image\" \/>\n<meta name=\"twitter:label1\" content=\"Dur\u00e9e de lecture estim\u00e9e\" \/>\n\t<meta name=\"twitter:data1\" content=\"1 minute\" \/>\n<script type=\"application\/ld+json\" class=\"yoast-schema-graph\">{\"@context\":\"https:\\\/\\\/schema.org\",\"@graph\":[{\"@type\":\"WebPage\",\"@id\":\"https:\\\/\\\/www.badachaz.org\\\/?page_id=33\",\"url\":\"https:\\\/\\\/www.badachaz.org\\\/?page_id=33\",\"name\":\"Tournois internes -\",\"isPartOf\":{\"@id\":\"https:\\\/\\\/www.badachaz.org\\\/#website\"},\"datePublished\":\"2018-08-09T08:52:11+00:00\",\"dateModified\":\"2024-09-09T18:01:54+00:00\",\"breadcrumb\":{\"@id\":\"https:\\\/\\\/www.badachaz.org\\\/?page_id=33#breadcrumb\"},\"inLanguage\":\"fr-FR\",\"potentialAction\":[{\"@type\":\"ReadAction\",\"target\":[\"https:\\\/\\\/www.badachaz.org\\\/?page_id=33\"]}]},{\"@type\":\"BreadcrumbList\",\"@id\":\"https:\\\/\\\/www.badachaz.org\\\/?page_id=33#breadcrumb\",\"itemListElement\":[{\"@type\":\"ListItem\",\"position\":1,\"name\":\"Accueil\",\"item\":\"https:\\\/\\\/www.badachaz.org\\\/\"},{\"@type\":\"ListItem\",\"position\":2,\"name\":\"Tournois internes\"}]},{\"@type\":\"WebSite\",\"@id\":\"https:\\\/\\\/www.badachaz.org\\\/#website\",\"url\":\"https:\\\/\\\/www.badachaz.org\\\/\",\"name\":\"\",\"description\":\"Badminton Club Chazay d&#039;Azergues\",\"publisher\":{\"@id\":\"https:\\\/\\\/www.badachaz.org\\\/#organization\"},\"potentialAction\":[{\"@type\":\"SearchAction\",\"target\":{\"@type\":\"EntryPoint\",\"urlTemplate\":\"https:\\\/\\\/www.badachaz.org\\\/?s={search_term_string}\"},\"query-input\":{\"@type\":\"PropertyValueSpecification\",\"valueRequired\":true,\"valueName\":\"search_term_string\"}}],\"inLanguage\":\"fr-FR\"},{\"@type\":\"Organization\",\"@id\":\"https:\\\/\\\/www.badachaz.org\\\/#organization\",\"name\":\"Badachaz\",\"url\":\"https:\\\/\\\/www.badachaz.org\\\/\",\"logo\":{\"@type\":\"ImageObject\",\"inLanguage\":\"fr-FR\",\"@id\":\"https:\\\/\\\/www.badachaz.org\\\/#\\\/schema\\\/logo\\\/image\\\/\",\"url\":\"https:\\\/\\\/www.badachaz.org\\\/wp-content\\\/uploads\\\/2018\\\/08\\\/cropped-LOGO_BADACHAZ_NEUTRE_FT.png\",\"contentUrl\":\"https:\\\/\\\/www.badachaz.org\\\/wp-content\\\/uploads\\\/2018\\\/08\\\/cropped-LOGO_BADACHAZ_NEUTRE_FT.png\",\"width\":512,\"height\":512,\"caption\":\"Badachaz\"},\"image\":{\"@id\":\"https:\\\/\\\/www.badachaz.org\\\/#\\\/schema\\\/logo\\\/image\\\/\"}}]}<\/script>\n<!-- \/ Yoast SEO plugin. -->","yoast_head_json":{"title":"Tournois internes -","robots":{"index":"index","follow":"follow","max-snippet":"max-snippet:-1","max-image-preview":"max-image-preview:large","max-video-preview":"max-video-preview:-1"},"canonical":"https:\/\/www.badachaz.org\/?page_id=33","og_locale":"fr_FR","og_type":"article","og_title":"Tournois internes -","og_description":"Pour ne pas faillir \u00e0 sa r\u00e9putation de club convivial, Bad\u2019 A Chaz\u2019 organise diff\u00e9rents tournois internes tout au long&hellip;","og_url":"https:\/\/www.badachaz.org\/?page_id=33","article_modified_time":"2024-09-09T18:01:54+00:00","twitter_card":"summary_large_image","twitter_misc":{"Dur\u00e9e de lecture estim\u00e9e":"1 minute"},"schema":{"@context":"https:\/\/schema.org","@graph":[{"@type":"WebPage","@id":"https:\/\/www.badachaz.org\/?page_id=33","url":"https:\/\/www.badachaz.org\/?page_id=33","name":"Tournois internes -","isPartOf":{"@id":"https:\/\/www.badachaz.org\/#website"},"datePublished":"2018-08-09T08:52:11+00:00","dateModified":"2024-09-09T18:01:54+00:00","breadcrumb":{"@id":"https:\/\/www.badachaz.org\/?page_id=33#breadcrumb"},"inLanguage":"fr-FR","potentialAction":[{"@type":"ReadAction","target":["https:\/\/www.badachaz.org\/?page_id=33"]}]},{"@type":"BreadcrumbList","@id":"https:\/\/www.badachaz.org\/?page_id=33#breadcrumb","itemListElement":[{"@type":"ListItem","position":1,"name":"Accueil","item":"https:\/\/www.badachaz.org\/"},{"@type":"ListItem","position":2,"name":"Tournois internes"}]},{"@type":"WebSite","@id":"https:\/\/www.badachaz.org\/#website","url":"https:\/\/www.badachaz.org\/","name":"","description":"Badminton Club Chazay d&#039;Azergues","publisher":{"@id":"https:\/\/www.badachaz.org\/#organization"},"potentialAction":[{"@type":"SearchAction","target":{"@type":"EntryPoint","urlTemplate":"https:\/\/www.badachaz.org\/?s={search_term_string}"},"query-input":{"@type":"PropertyValueSpecification","valueRequired":true,"valueName":"search_term_string"}}],"inLanguage":"fr-FR"},{"@type":"Organization","@id":"https:\/\/www.badachaz.org\/#organization","name":"Badachaz","url":"https:\/\/www.badachaz.org\/","logo":{"@type":"ImageObject","inLanguage":"fr-FR","@id":"https:\/\/www.badachaz.org\/#\/schema\/logo\/image\/","url":"https:\/\/www.badachaz.org\/wp-content\/uploads\/2018\/08\/cropped-LOGO_BADACHAZ_NEUTRE_FT.png","contentUrl":"https:\/\/www.badachaz.org\/wp-content\/uploads\/2018\/08\/cropped-LOGO_BADACHAZ_NEUTRE_FT.png","width":512,"height":512,"caption":"Badachaz"},"image":{"@id":"https:\/\/www.badachaz.org\/#\/schema\/logo\/image\/"}}]}},"_links":{"self":[{"href":"https:\/\/www.badachaz.org\/index.php?rest_route=\/wp\/v2\/pages\/33","targetHints":{"allow":["GET"]}}],"collection":[{"href":"https:\/\/www.badachaz.org\/index.php?rest_route=\/wp\/v2\/pages"}],"about":[{"href":"https:\/\/www.badachaz.org\/index.php?rest_route=\/wp\/v2\/types\/page"}],"author":[{"embeddable":true,"href":"https:\/\/www.badachaz.org\/index.php?rest_route=\/wp\/v2\/users\/1"}],"replies":[{"embeddable":true,"href":"https:\/\/www.badachaz.org\/index.php?rest_route=%2Fwp%2Fv2%2Fcomments&post=33"}],"version-history":[{"count":3,"href":"https:\/\/www.badachaz.org\/index.php?rest_route=\/wp\/v2\/pages\/33\/revisions"}],"predecessor-version":[{"id":5594,"href":"https:\/\/www.badachaz.org\/index.php?rest_route=\/wp\/v2\/pages\/33\/revisions\/5594"}],"wp:attachment":[{"href":"https:\/\/www.badachaz.org\/index.php?rest_route=%2Fwp%2Fv2%2Fmedia&parent=33"}],"curies":[{"name":"wp","href":"https:\/\/api.w.org\/{rel}","templated":true}]}}