{"id":35,"date":"2018-08-09T10:52:35","date_gmt":"2018-08-09T08:52:35","guid":{"rendered":"http:\/\/127.0.0.1\/wordpress\/?page_id=35"},"modified":"2024-09-09T20:05:46","modified_gmt":"2024-09-09T18:05:46","slug":"presentation-2","status":"publish","type":"page","link":"https:\/\/www.badachaz.org\/?page_id=35","title":{"rendered":"Pr\u00e9sentation"},"content":{"rendered":"<p><span style=\"font-weight: 400;\">Historiquement, Bad\u2019 A Chaz\u2019 a r\u00e9guli\u00e8rement particip\u00e9 aux<\/span>\u00a0<span style=\"color: #ffcc00;\"><strong>interclubs d\u00e9partementaux<\/strong><\/span>.<\/p>\n<p>La motivation des joueurs et l&rsquo;engouement pour cette comp\u00e9tition conviviale a pouss\u00e9 le club, depuis quelques ann\u00e9es, \u00e0 aligner <span style=\"color: #ffcc00;\"><strong>3 \u00e9quipes<\/strong><\/span>\u00a0:<\/p>\n<ul>\n<li>Une \u00e9quipe en D3<\/li>\n<li>Une \u00e9quipe en D4 Elite<\/li>\n<li>Une \u00e9quipe en V\u00e9t\u00e9rans promo<\/li>\n<\/ul>\n<p>Chaque \u00e9quipe est g\u00e9r\u00e9e par un capitaine qui se veut le garant de nos valeurs et le ma\u00eetre tacticien de l&rsquo;\u00e9quipe.<\/p>\n<p>Cette ann\u00e9e encore, go, go, go Bad&rsquo; A Chaz&rsquo; !!!<img loading=\"lazy\" decoding=\"async\" class=\"aligncenter wp-image-453 size-large\" src=\"http:\/\/www.badachaz.org\/wp-content\/uploads\/2018\/09\/tous-1024x683.jpg\" alt=\"\" width=\"1024\" height=\"683\" \/><\/p>\n","protected":false},"excerpt":{"rendered":"<p>Historiquement, Bad\u2019 A Chaz\u2019 a r\u00e9guli\u00e8rement particip\u00e9 aux\u00a0interclubs d\u00e9partementaux. La motivation des joueurs et l&rsquo;engouement pour cette comp\u00e9tition conviviale a&hellip;<\/p>\n","protected":false},"author":1,"featured_media":0,"parent":0,"menu_order":0,"comment_status":"closed","ping_status":"closed","template":"","meta":{"footnotes":""},"class_list":["post-35","page","type-page","status-publish","hentry"],"yoast_head":"<!-- This site is optimized with the Yoast SEO plugin v27.4 - https:\/\/yoast.com\/product\/yoast-seo-wordpress\/ -->\n<title>Pr\u00e9sentation -<\/title>\n<meta name=\"robots\" content=\"index, follow, max-snippet:-1, max-image-preview:large, max-video-preview:-1\" \/>\n<link rel=\"canonical\" href=\"https:\/\/www.badachaz.org\/?page_id=35\" \/>\n<meta property=\"og:locale\" content=\"fr_FR\" \/>\n<meta property=\"og:type\" content=\"article\" \/>\n<meta property=\"og:title\" content=\"Pr\u00e9sentation -\" \/>\n<meta property=\"og:description\" content=\"Historiquement, Bad\u2019 A Chaz\u2019 a r\u00e9guli\u00e8rement particip\u00e9 aux\u00a0interclubs d\u00e9partementaux. La motivation des joueurs et l&rsquo;engouement pour cette comp\u00e9tition conviviale a&hellip;\" \/>\n<meta property=\"og:url\" content=\"https:\/\/www.badachaz.org\/?page_id=35\" \/>\n<meta property=\"article:modified_time\" content=\"2024-09-09T18:05:46+00:00\" \/>\n<meta property=\"og:image\" content=\"https:\/\/www.badachaz.org\/wp-content\/uploads\/2018\/09\/tous-e1535909769223.jpg\" \/>\n\t<meta property=\"og:image:width\" content=\"800\" \/>\n\t<meta property=\"og:image:height\" content=\"534\" \/>\n\t<meta property=\"og:image:type\" content=\"image\/jpeg\" \/>\n<meta name=\"twitter:card\" content=\"summary_large_image\" \/>\n<script type=\"application\/ld+json\" class=\"yoast-schema-graph\">{\"@context\":\"https:\\\/\\\/schema.org\",\"@graph\":[{\"@type\":\"WebPage\",\"@id\":\"https:\\\/\\\/www.badachaz.org\\\/?page_id=35\",\"url\":\"https:\\\/\\\/www.badachaz.org\\\/?page_id=35\",\"name\":\"Pr\u00e9sentation -\",\"isPartOf\":{\"@id\":\"https:\\\/\\\/www.badachaz.org\\\/#website\"},\"primaryImageOfPage\":{\"@id\":\"https:\\\/\\\/www.badachaz.org\\\/?page_id=35#primaryimage\"},\"image\":{\"@id\":\"https:\\\/\\\/www.badachaz.org\\\/?page_id=35#primaryimage\"},\"thumbnailUrl\":\"http:\\\/\\\/www.badachaz.org\\\/wp-content\\\/uploads\\\/2018\\\/09\\\/tous-1024x683.jpg\",\"datePublished\":\"2018-08-09T08:52:35+00:00\",\"dateModified\":\"2024-09-09T18:05:46+00:00\",\"breadcrumb\":{\"@id\":\"https:\\\/\\\/www.badachaz.org\\\/?page_id=35#breadcrumb\"},\"inLanguage\":\"fr-FR\",\"potentialAction\":[{\"@type\":\"ReadAction\",\"target\":[\"https:\\\/\\\/www.badachaz.org\\\/?page_id=35\"]}]},{\"@type\":\"ImageObject\",\"inLanguage\":\"fr-FR\",\"@id\":\"https:\\\/\\\/www.badachaz.org\\\/?page_id=35#primaryimage\",\"url\":\"https:\\\/\\\/www.badachaz.org\\\/wp-content\\\/uploads\\\/2018\\\/09\\\/tous-e1535909769223.jpg\",\"contentUrl\":\"https:\\\/\\\/www.badachaz.org\\\/wp-content\\\/uploads\\\/2018\\\/09\\\/tous-e1535909769223.jpg\",\"width\":800,\"height\":534},{\"@type\":\"BreadcrumbList\",\"@id\":\"https:\\\/\\\/www.badachaz.org\\\/?page_id=35#breadcrumb\",\"itemListElement\":[{\"@type\":\"ListItem\",\"position\":1,\"name\":\"Accueil\",\"item\":\"https:\\\/\\\/www.badachaz.org\\\/\"},{\"@type\":\"ListItem\",\"position\":2,\"name\":\"Pr\u00e9sentation\"}]},{\"@type\":\"WebSite\",\"@id\":\"https:\\\/\\\/www.badachaz.org\\\/#website\",\"url\":\"https:\\\/\\\/www.badachaz.org\\\/\",\"name\":\"\",\"description\":\"Badminton Club Chazay d&#039;Azergues\",\"publisher\":{\"@id\":\"https:\\\/\\\/www.badachaz.org\\\/#organization\"},\"potentialAction\":[{\"@type\":\"SearchAction\",\"target\":{\"@type\":\"EntryPoint\",\"urlTemplate\":\"https:\\\/\\\/www.badachaz.org\\\/?s={search_term_string}\"},\"query-input\":{\"@type\":\"PropertyValueSpecification\",\"valueRequired\":true,\"valueName\":\"search_term_string\"}}],\"inLanguage\":\"fr-FR\"},{\"@type\":\"Organization\",\"@id\":\"https:\\\/\\\/www.badachaz.org\\\/#organization\",\"name\":\"Badachaz\",\"url\":\"https:\\\/\\\/www.badachaz.org\\\/\",\"logo\":{\"@type\":\"ImageObject\",\"inLanguage\":\"fr-FR\",\"@id\":\"https:\\\/\\\/www.badachaz.org\\\/#\\\/schema\\\/logo\\\/image\\\/\",\"url\":\"https:\\\/\\\/www.badachaz.org\\\/wp-content\\\/uploads\\\/2018\\\/08\\\/cropped-LOGO_BADACHAZ_NEUTRE_FT.png\",\"contentUrl\":\"https:\\\/\\\/www.badachaz.org\\\/wp-content\\\/uploads\\\/2018\\\/08\\\/cropped-LOGO_BADACHAZ_NEUTRE_FT.png\",\"width\":512,\"height\":512,\"caption\":\"Badachaz\"},\"image\":{\"@id\":\"https:\\\/\\\/www.badachaz.org\\\/#\\\/schema\\\/logo\\\/image\\\/\"}}]}<\/script>\n<!-- \/ Yoast SEO plugin. -->","yoast_head_json":{"title":"Pr\u00e9sentation -","robots":{"index":"index","follow":"follow","max-snippet":"max-snippet:-1","max-image-preview":"max-image-preview:large","max-video-preview":"max-video-preview:-1"},"canonical":"https:\/\/www.badachaz.org\/?page_id=35","og_locale":"fr_FR","og_type":"article","og_title":"Pr\u00e9sentation -","og_description":"Historiquement, Bad\u2019 A Chaz\u2019 a r\u00e9guli\u00e8rement particip\u00e9 aux\u00a0interclubs d\u00e9partementaux. La motivation des joueurs et l&rsquo;engouement pour cette comp\u00e9tition conviviale a&hellip;","og_url":"https:\/\/www.badachaz.org\/?page_id=35","article_modified_time":"2024-09-09T18:05:46+00:00","og_image":[{"width":800,"height":534,"url":"https:\/\/www.badachaz.org\/wp-content\/uploads\/2018\/09\/tous-e1535909769223.jpg","type":"image\/jpeg"}],"twitter_card":"summary_large_image","schema":{"@context":"https:\/\/schema.org","@graph":[{"@type":"WebPage","@id":"https:\/\/www.badachaz.org\/?page_id=35","url":"https:\/\/www.badachaz.org\/?page_id=35","name":"Pr\u00e9sentation -","isPartOf":{"@id":"https:\/\/www.badachaz.org\/#website"},"primaryImageOfPage":{"@id":"https:\/\/www.badachaz.org\/?page_id=35#primaryimage"},"image":{"@id":"https:\/\/www.badachaz.org\/?page_id=35#primaryimage"},"thumbnailUrl":"http:\/\/www.badachaz.org\/wp-content\/uploads\/2018\/09\/tous-1024x683.jpg","datePublished":"2018-08-09T08:52:35+00:00","dateModified":"2024-09-09T18:05:46+00:00","breadcrumb":{"@id":"https:\/\/www.badachaz.org\/?page_id=35#breadcrumb"},"inLanguage":"fr-FR","potentialAction":[{"@type":"ReadAction","target":["https:\/\/www.badachaz.org\/?page_id=35"]}]},{"@type":"ImageObject","inLanguage":"fr-FR","@id":"https:\/\/www.badachaz.org\/?page_id=35#primaryimage","url":"https:\/\/www.badachaz.org\/wp-content\/uploads\/2018\/09\/tous-e1535909769223.jpg","contentUrl":"https:\/\/www.badachaz.org\/wp-content\/uploads\/2018\/09\/tous-e1535909769223.jpg","width":800,"height":534},{"@type":"BreadcrumbList","@id":"https:\/\/www.badachaz.org\/?page_id=35#breadcrumb","itemListElement":[{"@type":"ListItem","position":1,"name":"Accueil","item":"https:\/\/www.badachaz.org\/"},{"@type":"ListItem","position":2,"name":"Pr\u00e9sentation"}]},{"@type":"WebSite","@id":"https:\/\/www.badachaz.org\/#website","url":"https:\/\/www.badachaz.org\/","name":"","description":"Badminton Club Chazay d&#039;Azergues","publisher":{"@id":"https:\/\/www.badachaz.org\/#organization"},"potentialAction":[{"@type":"SearchAction","target":{"@type":"EntryPoint","urlTemplate":"https:\/\/www.badachaz.org\/?s={search_term_string}"},"query-input":{"@type":"PropertyValueSpecification","valueRequired":true,"valueName":"search_term_string"}}],"inLanguage":"fr-FR"},{"@type":"Organization","@id":"https:\/\/www.badachaz.org\/#organization","name":"Badachaz","url":"https:\/\/www.badachaz.org\/","logo":{"@type":"ImageObject","inLanguage":"fr-FR","@id":"https:\/\/www.badachaz.org\/#\/schema\/logo\/image\/","url":"https:\/\/www.badachaz.org\/wp-content\/uploads\/2018\/08\/cropped-LOGO_BADACHAZ_NEUTRE_FT.png","contentUrl":"https:\/\/www.badachaz.org\/wp-content\/uploads\/2018\/08\/cropped-LOGO_BADACHAZ_NEUTRE_FT.png","width":512,"height":512,"caption":"Badachaz"},"image":{"@id":"https:\/\/www.badachaz.org\/#\/schema\/logo\/image\/"}}]}},"_links":{"self":[{"href":"https:\/\/www.badachaz.org\/index.php?rest_route=\/wp\/v2\/pages\/35","targetHints":{"allow":["GET"]}}],"collection":[{"href":"https:\/\/www.badachaz.org\/index.php?rest_route=\/wp\/v2\/pages"}],"about":[{"href":"https:\/\/www.badachaz.org\/index.php?rest_route=\/wp\/v2\/types\/page"}],"author":[{"embeddable":true,"href":"https:\/\/www.badachaz.org\/index.php?rest_route=\/wp\/v2\/users\/1"}],"replies":[{"embeddable":true,"href":"https:\/\/www.badachaz.org\/index.php?rest_route=%2Fwp%2Fv2%2Fcomments&post=35"}],"version-history":[{"count":8,"href":"https:\/\/www.badachaz.org\/index.php?rest_route=\/wp\/v2\/pages\/35\/revisions"}],"predecessor-version":[{"id":5596,"href":"https:\/\/www.badachaz.org\/index.php?rest_route=\/wp\/v2\/pages\/35\/revisions\/5596"}],"wp:attachment":[{"href":"https:\/\/www.badachaz.org\/index.php?rest_route=%2Fwp%2Fv2%2Fmedia&parent=35"}],"curies":[{"name":"wp","href":"https:\/\/api.w.org\/{rel}","templated":true}]}}