{"id":42,"date":"2018-08-09T10:54:10","date_gmt":"2018-08-09T08:54:10","guid":{"rendered":"http:\/\/127.0.0.1\/wordpress\/?page_id=42"},"modified":"2024-09-09T20:08:32","modified_gmt":"2024-09-09T18:08:32","slug":"presentation-et-encadrement","status":"publish","type":"page","link":"https:\/\/www.badachaz.org\/?page_id=42","title":{"rendered":"Pr\u00e9sentation et Encadrement"},"content":{"rendered":"<h2>Une \u00e9cole 3 \u00e9toiles<\/h2>\n<p>Parce que nous pensons fortement que l&rsquo;avenir d&rsquo;un club passe par la jeunesse, depuis plusieurs ann\u00e9es maintenant, Bad&rsquo; A Chaz&rsquo; a d\u00e9velopp\u00e9 <span style=\"color: #ffcc00;\"><strong>une politique de formation des jeunes<\/strong><\/span>.<\/p>\n<p>Ce travail men\u00e9 de fond par nos b\u00e9n\u00e9voles et nos entra\u00eeneurs salari\u00e9s permet au club d&rsquo;\u00eatre labellis\u00e9 \u00e9cole de badminton 3 \u00e9toiles.<\/p>\n<h2>Des cr\u00e9neaux d\u00e9di\u00e9s<\/h2>\n<p>De fait, plusieurs cr\u00e9neaux sont enti\u00e8rement d\u00e9di\u00e9s \u00e0 ce public prometteur.<\/p>\n<ul>\n<li>\n<h4>Un entra\u00eenement encadr\u00e9 pour les mini-bad<\/h4>\n<ul>\n<li>Objectifs :\n<ul>\n<li>D\u00e9couvrir le badminton<\/li>\n<li>D\u00e9velopper la motricit\u00e9<\/li>\n<li>\u00ab\u00a0Jouer\u00a0\u00bb en s&rsquo;amusant<\/li>\n<\/ul>\n<\/li>\n<\/ul>\n<\/li>\n<li>\n<h4>Un entra\u00eenement encadr\u00e9 pour les jeunes, jusqu&rsquo;\u00e0 benjamin 1<\/h4>\n<ul>\n<li>Objectifs :\n<ul>\n<li>Apprendre les valeurs du badminton<\/li>\n<li>Ma\u00eetriser les bases techniques<\/li>\n<li>D\u00e9velopper l&rsquo;esprit de comp\u00e9tition<\/li>\n<\/ul>\n<\/li>\n<\/ul>\n<\/li>\n<\/ul>\n<ul>\n<li>\n<h4>Un entra\u00eenement encadr\u00e9 pour les pr\u00e9-ados et adolescents, de benjamin 2 \u00e0 minime<\/h4>\n<ul>\n<li>Objectifs :\n<ul>\n<li>Allier le travail technique et physique<\/li>\n<li>Prendre plaisir en jouant<\/li>\n<li>Respecter les valeurs du sport<\/li>\n<li>Comprendre les diff\u00e9rentes tactiques<\/li>\n<li>D\u00e9velopper le profil de joueur de badminton loisir<\/li>\n<\/ul>\n<\/li>\n<\/ul>\n<\/li>\n<li>\n<h4>Un entra\u00eenement orient\u00e9 comp\u00e9tition, dispens\u00e9 par un entra\u00eeneur dipl\u00f4m\u00e9 d&rsquo;Etat<\/h4>\n<ul>\n<li>Objectifs :\n<ul>\n<li>Renforcer les capacit\u00e9s techniques, tactiques et physiques<\/li>\n<li>Rendre les jeunes comp\u00e9titifs<\/li>\n<li>Adopter et v\u00e9hiculer les valeurs de notre sport<\/li>\n<li>Partager la passion du badminton<\/li>\n<li>Rechercher la progression permanente<\/li>\n<\/ul>\n<\/li>\n<\/ul>\n<\/li>\n<\/ul>\n<ul>\n<li style=\"font-weight: 400;\" aria-level=\"1\"><b>Un entra\u00eenement \u201cp\u00e9pites\u201d pour nos jeunes badistes les plus prometteurs\u00a0<\/b>\n<ul>\n<li style=\"font-weight: 400;\" aria-level=\"2\"><span style=\"font-weight: 400;\">Objectifs :<\/span>\n<ul>\n<li style=\"font-weight: 400;\" aria-level=\"3\"><span style=\"font-weight: 400;\">Cr\u00e9er une \u00e9mulation au sein d\u2019un groupe soud\u00e9<\/span><\/li>\n<li style=\"font-weight: 400;\" aria-level=\"3\"><span style=\"font-weight: 400;\">Proposer une adversit\u00e9 forte<\/span><\/li>\n<li style=\"font-weight: 400;\" aria-level=\"3\"><span style=\"font-weight: 400;\">Pr\u00e9parer les jeunes aux comp\u00e9titions r\u00e9gionales et nationales<\/span><\/li>\n<li style=\"font-weight: 400;\" aria-level=\"3\"><span style=\"font-weight: 400;\">Am\u00e9liorer la performance\u00a0<\/span><\/li>\n<li style=\"font-weight: 400;\" aria-level=\"3\"><span style=\"font-weight: 400;\">Proposer un parcours d\u2019accompagnement complet<\/span><\/li>\n<\/ul>\n<\/li>\n<\/ul>\n<\/li>\n<\/ul>\n<h2>Des encadrants surmotiv\u00e9s<\/h2>\n<p>L&rsquo;encadrement est au c\u0153ur de notre projet de club concernant les jeunes. C&rsquo;est pourquoi, chaque cours est encadr\u00e9 par <span style=\"color: #ff9900;\"><strong><span style=\"color: #ffcc00;\">un animateur<\/span> <span style=\"color: #ffcc00;\">ou entra\u00eeneur r\u00e9f\u00e9rent<\/span><\/strong><\/span>. Dans la mesure du possible, chacun de ces encadrants est \u00e9paul\u00e9 par un animateur b\u00e9n\u00e9vole pour prendre en charge les groupes.<\/p>\n","protected":false},"excerpt":{"rendered":"<p>Une \u00e9cole 3 \u00e9toiles Parce que nous pensons fortement que l&rsquo;avenir d&rsquo;un club passe par la jeunesse, depuis plusieurs ann\u00e9es&hellip;<\/p>\n","protected":false},"author":1,"featured_media":0,"parent":0,"menu_order":0,"comment_status":"closed","ping_status":"closed","template":"","meta":{"footnotes":""},"class_list":["post-42","page","type-page","status-publish","hentry"],"yoast_head":"<!-- This site is optimized with the Yoast SEO plugin v27.4 - https:\/\/yoast.com\/product\/yoast-seo-wordpress\/ -->\n<title>Pr\u00e9sentation et Encadrement -<\/title>\n<meta name=\"robots\" content=\"index, follow, max-snippet:-1, max-image-preview:large, max-video-preview:-1\" \/>\n<link rel=\"canonical\" href=\"https:\/\/www.badachaz.org\/?page_id=42\" \/>\n<meta property=\"og:locale\" content=\"fr_FR\" \/>\n<meta property=\"og:type\" content=\"article\" \/>\n<meta property=\"og:title\" content=\"Pr\u00e9sentation et Encadrement -\" \/>\n<meta property=\"og:description\" content=\"Une \u00e9cole 3 \u00e9toiles Parce que nous pensons fortement que l&rsquo;avenir d&rsquo;un club passe par la jeunesse, depuis plusieurs ann\u00e9es&hellip;\" \/>\n<meta property=\"og:url\" content=\"https:\/\/www.badachaz.org\/?page_id=42\" \/>\n<meta property=\"article:modified_time\" content=\"2024-09-09T18:08:32+00:00\" \/>\n<meta name=\"twitter:card\" content=\"summary_large_image\" \/>\n<meta name=\"twitter:label1\" content=\"Dur\u00e9e de lecture estim\u00e9e\" \/>\n\t<meta name=\"twitter:data1\" content=\"2 minutes\" \/>\n<script type=\"application\/ld+json\" class=\"yoast-schema-graph\">{\"@context\":\"https:\\\/\\\/schema.org\",\"@graph\":[{\"@type\":\"WebPage\",\"@id\":\"https:\\\/\\\/www.badachaz.org\\\/?page_id=42\",\"url\":\"https:\\\/\\\/www.badachaz.org\\\/?page_id=42\",\"name\":\"Pr\u00e9sentation et Encadrement -\",\"isPartOf\":{\"@id\":\"https:\\\/\\\/www.badachaz.org\\\/#website\"},\"datePublished\":\"2018-08-09T08:54:10+00:00\",\"dateModified\":\"2024-09-09T18:08:32+00:00\",\"breadcrumb\":{\"@id\":\"https:\\\/\\\/www.badachaz.org\\\/?page_id=42#breadcrumb\"},\"inLanguage\":\"fr-FR\",\"potentialAction\":[{\"@type\":\"ReadAction\",\"target\":[\"https:\\\/\\\/www.badachaz.org\\\/?page_id=42\"]}]},{\"@type\":\"BreadcrumbList\",\"@id\":\"https:\\\/\\\/www.badachaz.org\\\/?page_id=42#breadcrumb\",\"itemListElement\":[{\"@type\":\"ListItem\",\"position\":1,\"name\":\"Accueil\",\"item\":\"https:\\\/\\\/www.badachaz.org\\\/\"},{\"@type\":\"ListItem\",\"position\":2,\"name\":\"Pr\u00e9sentation et Encadrement\"}]},{\"@type\":\"WebSite\",\"@id\":\"https:\\\/\\\/www.badachaz.org\\\/#website\",\"url\":\"https:\\\/\\\/www.badachaz.org\\\/\",\"name\":\"\",\"description\":\"Badminton Club Chazay d&#039;Azergues\",\"publisher\":{\"@id\":\"https:\\\/\\\/www.badachaz.org\\\/#organization\"},\"potentialAction\":[{\"@type\":\"SearchAction\",\"target\":{\"@type\":\"EntryPoint\",\"urlTemplate\":\"https:\\\/\\\/www.badachaz.org\\\/?s={search_term_string}\"},\"query-input\":{\"@type\":\"PropertyValueSpecification\",\"valueRequired\":true,\"valueName\":\"search_term_string\"}}],\"inLanguage\":\"fr-FR\"},{\"@type\":\"Organization\",\"@id\":\"https:\\\/\\\/www.badachaz.org\\\/#organization\",\"name\":\"Badachaz\",\"url\":\"https:\\\/\\\/www.badachaz.org\\\/\",\"logo\":{\"@type\":\"ImageObject\",\"inLanguage\":\"fr-FR\",\"@id\":\"https:\\\/\\\/www.badachaz.org\\\/#\\\/schema\\\/logo\\\/image\\\/\",\"url\":\"https:\\\/\\\/www.badachaz.org\\\/wp-content\\\/uploads\\\/2018\\\/08\\\/cropped-LOGO_BADACHAZ_NEUTRE_FT.png\",\"contentUrl\":\"https:\\\/\\\/www.badachaz.org\\\/wp-content\\\/uploads\\\/2018\\\/08\\\/cropped-LOGO_BADACHAZ_NEUTRE_FT.png\",\"width\":512,\"height\":512,\"caption\":\"Badachaz\"},\"image\":{\"@id\":\"https:\\\/\\\/www.badachaz.org\\\/#\\\/schema\\\/logo\\\/image\\\/\"}}]}<\/script>\n<!-- \/ Yoast SEO plugin. -->","yoast_head_json":{"title":"Pr\u00e9sentation et Encadrement -","robots":{"index":"index","follow":"follow","max-snippet":"max-snippet:-1","max-image-preview":"max-image-preview:large","max-video-preview":"max-video-preview:-1"},"canonical":"https:\/\/www.badachaz.org\/?page_id=42","og_locale":"fr_FR","og_type":"article","og_title":"Pr\u00e9sentation et Encadrement -","og_description":"Une \u00e9cole 3 \u00e9toiles Parce que nous pensons fortement que l&rsquo;avenir d&rsquo;un club passe par la jeunesse, depuis plusieurs ann\u00e9es&hellip;","og_url":"https:\/\/www.badachaz.org\/?page_id=42","article_modified_time":"2024-09-09T18:08:32+00:00","twitter_card":"summary_large_image","twitter_misc":{"Dur\u00e9e de lecture estim\u00e9e":"2 minutes"},"schema":{"@context":"https:\/\/schema.org","@graph":[{"@type":"WebPage","@id":"https:\/\/www.badachaz.org\/?page_id=42","url":"https:\/\/www.badachaz.org\/?page_id=42","name":"Pr\u00e9sentation et Encadrement -","isPartOf":{"@id":"https:\/\/www.badachaz.org\/#website"},"datePublished":"2018-08-09T08:54:10+00:00","dateModified":"2024-09-09T18:08:32+00:00","breadcrumb":{"@id":"https:\/\/www.badachaz.org\/?page_id=42#breadcrumb"},"inLanguage":"fr-FR","potentialAction":[{"@type":"ReadAction","target":["https:\/\/www.badachaz.org\/?page_id=42"]}]},{"@type":"BreadcrumbList","@id":"https:\/\/www.badachaz.org\/?page_id=42#breadcrumb","itemListElement":[{"@type":"ListItem","position":1,"name":"Accueil","item":"https:\/\/www.badachaz.org\/"},{"@type":"ListItem","position":2,"name":"Pr\u00e9sentation et Encadrement"}]},{"@type":"WebSite","@id":"https:\/\/www.badachaz.org\/#website","url":"https:\/\/www.badachaz.org\/","name":"","description":"Badminton Club Chazay d&#039;Azergues","publisher":{"@id":"https:\/\/www.badachaz.org\/#organization"},"potentialAction":[{"@type":"SearchAction","target":{"@type":"EntryPoint","urlTemplate":"https:\/\/www.badachaz.org\/?s={search_term_string}"},"query-input":{"@type":"PropertyValueSpecification","valueRequired":true,"valueName":"search_term_string"}}],"inLanguage":"fr-FR"},{"@type":"Organization","@id":"https:\/\/www.badachaz.org\/#organization","name":"Badachaz","url":"https:\/\/www.badachaz.org\/","logo":{"@type":"ImageObject","inLanguage":"fr-FR","@id":"https:\/\/www.badachaz.org\/#\/schema\/logo\/image\/","url":"https:\/\/www.badachaz.org\/wp-content\/uploads\/2018\/08\/cropped-LOGO_BADACHAZ_NEUTRE_FT.png","contentUrl":"https:\/\/www.badachaz.org\/wp-content\/uploads\/2018\/08\/cropped-LOGO_BADACHAZ_NEUTRE_FT.png","width":512,"height":512,"caption":"Badachaz"},"image":{"@id":"https:\/\/www.badachaz.org\/#\/schema\/logo\/image\/"}}]}},"_links":{"self":[{"href":"https:\/\/www.badachaz.org\/index.php?rest_route=\/wp\/v2\/pages\/42","targetHints":{"allow":["GET"]}}],"collection":[{"href":"https:\/\/www.badachaz.org\/index.php?rest_route=\/wp\/v2\/pages"}],"about":[{"href":"https:\/\/www.badachaz.org\/index.php?rest_route=\/wp\/v2\/types\/page"}],"author":[{"embeddable":true,"href":"https:\/\/www.badachaz.org\/index.php?rest_route=\/wp\/v2\/users\/1"}],"replies":[{"embeddable":true,"href":"https:\/\/www.badachaz.org\/index.php?rest_route=%2Fwp%2Fv2%2Fcomments&post=42"}],"version-history":[{"count":7,"href":"https:\/\/www.badachaz.org\/index.php?rest_route=\/wp\/v2\/pages\/42\/revisions"}],"predecessor-version":[{"id":5598,"href":"https:\/\/www.badachaz.org\/index.php?rest_route=\/wp\/v2\/pages\/42\/revisions\/5598"}],"wp:attachment":[{"href":"https:\/\/www.badachaz.org\/index.php?rest_route=%2Fwp%2Fv2%2Fmedia&parent=42"}],"curies":[{"name":"wp","href":"https:\/\/api.w.org\/{rel}","templated":true}]}}