{"id":48,"date":"2018-08-09T10:55:44","date_gmt":"2018-08-09T08:55:44","guid":{"rendered":"http:\/\/127.0.0.1\/wordpress\/?page_id=48"},"modified":"2024-08-08T10:01:00","modified_gmt":"2024-08-08T08:01:00","slug":"interclub","status":"publish","type":"page","link":"https:\/\/www.badachaz.org\/?page_id=48","title":{"rendered":"Interclub Jeunes"},"content":{"rendered":"<div class=\"wp-block-image\">\n<figure class=\"aligncenter size-large\"><img loading=\"lazy\" decoding=\"async\" width=\"1024\" height=\"683\" src=\"https:\/\/www.badachaz.org\/wp-content\/uploads\/2024\/08\/DSCF1314-1024x683.jpg\" alt=\"\" class=\"wp-image-5484\" srcset=\"https:\/\/www.badachaz.org\/wp-content\/uploads\/2024\/08\/DSCF1314-1024x683.jpg 1024w, https:\/\/www.badachaz.org\/wp-content\/uploads\/2024\/08\/DSCF1314-300x200.jpg 300w, https:\/\/www.badachaz.org\/wp-content\/uploads\/2024\/08\/DSCF1314-768x512.jpg 768w, https:\/\/www.badachaz.org\/wp-content\/uploads\/2024\/08\/DSCF1314-1536x1024.jpg 1536w, https:\/\/www.badachaz.org\/wp-content\/uploads\/2024\/08\/DSCF1314-2048x1365.jpg 2048w\" sizes=\"auto, (max-width: 1024px) 100vw, 1024px\" \/><\/figure>\n<\/div>\n\n\n<p>Pour le retour des INTERCLUBS Jeunes cette saison, le club a align\u00e9 1 \u00e9quipe par cat\u00e9gorie, toutes sur le podium !<\/p>\n\n\n\n<p>Tout au long du week-end, nos jeunes ont fi\u00e8rement d\u00e9fendu nos couleurs parmi des clubs tels que Chassieu, Oullins, L&rsquo;Arbresle et Villefranche-sur-Sa\u00f4ne. Rien que \u00e7a&#8230;<br>Nos graines de champions ont d\u00e9jou\u00e9 tous les pronostics pour surprendre l&rsquo;assembl\u00e9e qui ne les attendait pas \u00e0 pareil niveau !<\/p>\n\n\n\n<p>\u00c0 force de t\u00e9nacit\u00e9, de courage, de hargne, de plaisir et surtout d&rsquo;une combativit\u00e9 sans \u00e9quivalent, <strong><span style=\"color: #ffcc00;\">chaque \u00e9quipe a r\u00e9ussi \u00e0 remporter une rencontre<\/span> <\/strong>! <\/p>\n\n\n\n<iframe loading=\"lazy\" src=\"https:\/\/www.facebook.com\/plugins\/post.php?href=https%3A%2F%2Fwww.facebook.com%2Fbadachaz%2Fposts%2Fpfbid023r6MqWET588asUrHNNfF92fw1sv5Vvq7JbkAtgQMhUbQiWUfsnxRBCPLEsCh63PZl&#038;show_text=true&#038;width=500\" width=\"500\" height=\"735\" style=\"border:none;overflow:hidden\" scrolling=\"no\" frameborder=\"0\" allowfullscreen=\"true\" allow=\"autoplay; clipboard-write; encrypted-media; picture-in-picture; web-share\"><\/iframe>\n\n\n\n<p>Bravo et merci \u00e9galement aux supporters pr\u00e9sents ce week-end. Vos encouragements et le bruit que vous avez fait ont surmotiv\u00e9 nos troupes ! Quelle ambiance !<\/p>\n\n\n\n<p>Rendez-vous pris pour l&rsquo;ann\u00e9e prochaine !<\/p>\n","protected":false},"excerpt":{"rendered":"<p>Pour le retour des INTERCLUBS Jeunes cette saison, le club a align\u00e9 1 \u00e9quipe par cat\u00e9gorie, toutes sur le podium&hellip;<\/p>\n","protected":false},"author":1,"featured_media":0,"parent":0,"menu_order":0,"comment_status":"closed","ping_status":"closed","template":"","meta":{"footnotes":""},"class_list":["post-48","page","type-page","status-publish","hentry"],"yoast_head":"<!-- This site is optimized with the Yoast SEO plugin v27.4 - https:\/\/yoast.com\/product\/yoast-seo-wordpress\/ -->\n<title>Interclub Jeunes -<\/title>\n<meta name=\"robots\" content=\"index, follow, max-snippet:-1, max-image-preview:large, max-video-preview:-1\" \/>\n<link rel=\"canonical\" href=\"https:\/\/www.badachaz.org\/?page_id=48\" \/>\n<meta property=\"og:locale\" content=\"fr_FR\" \/>\n<meta property=\"og:type\" content=\"article\" \/>\n<meta property=\"og:title\" content=\"Interclub Jeunes -\" \/>\n<meta property=\"og:description\" content=\"Pour le retour des INTERCLUBS Jeunes cette saison, le club a align\u00e9 1 \u00e9quipe par cat\u00e9gorie, toutes sur le podium&hellip;\" \/>\n<meta property=\"og:url\" content=\"https:\/\/www.badachaz.org\/?page_id=48\" \/>\n<meta property=\"article:modified_time\" content=\"2024-08-08T08:01:00+00:00\" \/>\n<meta property=\"og:image\" content=\"https:\/\/www.badachaz.org\/wp-content\/uploads\/2024\/08\/DSCF1314-scaled.jpg\" \/>\n\t<meta property=\"og:image:width\" content=\"2560\" \/>\n\t<meta property=\"og:image:height\" content=\"1707\" \/>\n\t<meta property=\"og:image:type\" content=\"image\/jpeg\" \/>\n<meta name=\"twitter:card\" content=\"summary_large_image\" \/>\n<meta name=\"twitter:label1\" content=\"Dur\u00e9e de lecture estim\u00e9e\" \/>\n\t<meta name=\"twitter:data1\" content=\"1 minute\" \/>\n<script type=\"application\/ld+json\" class=\"yoast-schema-graph\">{\"@context\":\"https:\\\/\\\/schema.org\",\"@graph\":[{\"@type\":\"WebPage\",\"@id\":\"https:\\\/\\\/www.badachaz.org\\\/?page_id=48\",\"url\":\"https:\\\/\\\/www.badachaz.org\\\/?page_id=48\",\"name\":\"Interclub Jeunes -\",\"isPartOf\":{\"@id\":\"https:\\\/\\\/www.badachaz.org\\\/#website\"},\"primaryImageOfPage\":{\"@id\":\"https:\\\/\\\/www.badachaz.org\\\/?page_id=48#primaryimage\"},\"image\":{\"@id\":\"https:\\\/\\\/www.badachaz.org\\\/?page_id=48#primaryimage\"},\"thumbnailUrl\":\"https:\\\/\\\/www.badachaz.org\\\/wp-content\\\/uploads\\\/2024\\\/08\\\/DSCF1314-1024x683.jpg\",\"datePublished\":\"2018-08-09T08:55:44+00:00\",\"dateModified\":\"2024-08-08T08:01:00+00:00\",\"breadcrumb\":{\"@id\":\"https:\\\/\\\/www.badachaz.org\\\/?page_id=48#breadcrumb\"},\"inLanguage\":\"fr-FR\",\"potentialAction\":[{\"@type\":\"ReadAction\",\"target\":[\"https:\\\/\\\/www.badachaz.org\\\/?page_id=48\"]}]},{\"@type\":\"ImageObject\",\"inLanguage\":\"fr-FR\",\"@id\":\"https:\\\/\\\/www.badachaz.org\\\/?page_id=48#primaryimage\",\"url\":\"https:\\\/\\\/www.badachaz.org\\\/wp-content\\\/uploads\\\/2024\\\/08\\\/DSCF1314-scaled.jpg\",\"contentUrl\":\"https:\\\/\\\/www.badachaz.org\\\/wp-content\\\/uploads\\\/2024\\\/08\\\/DSCF1314-scaled.jpg\",\"width\":2560,\"height\":1707},{\"@type\":\"BreadcrumbList\",\"@id\":\"https:\\\/\\\/www.badachaz.org\\\/?page_id=48#breadcrumb\",\"itemListElement\":[{\"@type\":\"ListItem\",\"position\":1,\"name\":\"Accueil\",\"item\":\"https:\\\/\\\/www.badachaz.org\\\/\"},{\"@type\":\"ListItem\",\"position\":2,\"name\":\"Interclub Jeunes\"}]},{\"@type\":\"WebSite\",\"@id\":\"https:\\\/\\\/www.badachaz.org\\\/#website\",\"url\":\"https:\\\/\\\/www.badachaz.org\\\/\",\"name\":\"\",\"description\":\"Badminton Club Chazay d&#039;Azergues\",\"publisher\":{\"@id\":\"https:\\\/\\\/www.badachaz.org\\\/#organization\"},\"potentialAction\":[{\"@type\":\"SearchAction\",\"target\":{\"@type\":\"EntryPoint\",\"urlTemplate\":\"https:\\\/\\\/www.badachaz.org\\\/?s={search_term_string}\"},\"query-input\":{\"@type\":\"PropertyValueSpecification\",\"valueRequired\":true,\"valueName\":\"search_term_string\"}}],\"inLanguage\":\"fr-FR\"},{\"@type\":\"Organization\",\"@id\":\"https:\\\/\\\/www.badachaz.org\\\/#organization\",\"name\":\"Badachaz\",\"url\":\"https:\\\/\\\/www.badachaz.org\\\/\",\"logo\":{\"@type\":\"ImageObject\",\"inLanguage\":\"fr-FR\",\"@id\":\"https:\\\/\\\/www.badachaz.org\\\/#\\\/schema\\\/logo\\\/image\\\/\",\"url\":\"https:\\\/\\\/www.badachaz.org\\\/wp-content\\\/uploads\\\/2018\\\/08\\\/cropped-LOGO_BADACHAZ_NEUTRE_FT.png\",\"contentUrl\":\"https:\\\/\\\/www.badachaz.org\\\/wp-content\\\/uploads\\\/2018\\\/08\\\/cropped-LOGO_BADACHAZ_NEUTRE_FT.png\",\"width\":512,\"height\":512,\"caption\":\"Badachaz\"},\"image\":{\"@id\":\"https:\\\/\\\/www.badachaz.org\\\/#\\\/schema\\\/logo\\\/image\\\/\"}}]}<\/script>\n<!-- \/ Yoast SEO plugin. -->","yoast_head_json":{"title":"Interclub Jeunes -","robots":{"index":"index","follow":"follow","max-snippet":"max-snippet:-1","max-image-preview":"max-image-preview:large","max-video-preview":"max-video-preview:-1"},"canonical":"https:\/\/www.badachaz.org\/?page_id=48","og_locale":"fr_FR","og_type":"article","og_title":"Interclub Jeunes -","og_description":"Pour le retour des INTERCLUBS Jeunes cette saison, le club a align\u00e9 1 \u00e9quipe par cat\u00e9gorie, toutes sur le podium&hellip;","og_url":"https:\/\/www.badachaz.org\/?page_id=48","article_modified_time":"2024-08-08T08:01:00+00:00","og_image":[{"width":2560,"height":1707,"url":"https:\/\/www.badachaz.org\/wp-content\/uploads\/2024\/08\/DSCF1314-scaled.jpg","type":"image\/jpeg"}],"twitter_card":"summary_large_image","twitter_misc":{"Dur\u00e9e de lecture estim\u00e9e":"1 minute"},"schema":{"@context":"https:\/\/schema.org","@graph":[{"@type":"WebPage","@id":"https:\/\/www.badachaz.org\/?page_id=48","url":"https:\/\/www.badachaz.org\/?page_id=48","name":"Interclub Jeunes -","isPartOf":{"@id":"https:\/\/www.badachaz.org\/#website"},"primaryImageOfPage":{"@id":"https:\/\/www.badachaz.org\/?page_id=48#primaryimage"},"image":{"@id":"https:\/\/www.badachaz.org\/?page_id=48#primaryimage"},"thumbnailUrl":"https:\/\/www.badachaz.org\/wp-content\/uploads\/2024\/08\/DSCF1314-1024x683.jpg","datePublished":"2018-08-09T08:55:44+00:00","dateModified":"2024-08-08T08:01:00+00:00","breadcrumb":{"@id":"https:\/\/www.badachaz.org\/?page_id=48#breadcrumb"},"inLanguage":"fr-FR","potentialAction":[{"@type":"ReadAction","target":["https:\/\/www.badachaz.org\/?page_id=48"]}]},{"@type":"ImageObject","inLanguage":"fr-FR","@id":"https:\/\/www.badachaz.org\/?page_id=48#primaryimage","url":"https:\/\/www.badachaz.org\/wp-content\/uploads\/2024\/08\/DSCF1314-scaled.jpg","contentUrl":"https:\/\/www.badachaz.org\/wp-content\/uploads\/2024\/08\/DSCF1314-scaled.jpg","width":2560,"height":1707},{"@type":"BreadcrumbList","@id":"https:\/\/www.badachaz.org\/?page_id=48#breadcrumb","itemListElement":[{"@type":"ListItem","position":1,"name":"Accueil","item":"https:\/\/www.badachaz.org\/"},{"@type":"ListItem","position":2,"name":"Interclub Jeunes"}]},{"@type":"WebSite","@id":"https:\/\/www.badachaz.org\/#website","url":"https:\/\/www.badachaz.org\/","name":"","description":"Badminton Club Chazay d&#039;Azergues","publisher":{"@id":"https:\/\/www.badachaz.org\/#organization"},"potentialAction":[{"@type":"SearchAction","target":{"@type":"EntryPoint","urlTemplate":"https:\/\/www.badachaz.org\/?s={search_term_string}"},"query-input":{"@type":"PropertyValueSpecification","valueRequired":true,"valueName":"search_term_string"}}],"inLanguage":"fr-FR"},{"@type":"Organization","@id":"https:\/\/www.badachaz.org\/#organization","name":"Badachaz","url":"https:\/\/www.badachaz.org\/","logo":{"@type":"ImageObject","inLanguage":"fr-FR","@id":"https:\/\/www.badachaz.org\/#\/schema\/logo\/image\/","url":"https:\/\/www.badachaz.org\/wp-content\/uploads\/2018\/08\/cropped-LOGO_BADACHAZ_NEUTRE_FT.png","contentUrl":"https:\/\/www.badachaz.org\/wp-content\/uploads\/2018\/08\/cropped-LOGO_BADACHAZ_NEUTRE_FT.png","width":512,"height":512,"caption":"Badachaz"},"image":{"@id":"https:\/\/www.badachaz.org\/#\/schema\/logo\/image\/"}}]}},"_links":{"self":[{"href":"https:\/\/www.badachaz.org\/index.php?rest_route=\/wp\/v2\/pages\/48","targetHints":{"allow":["GET"]}}],"collection":[{"href":"https:\/\/www.badachaz.org\/index.php?rest_route=\/wp\/v2\/pages"}],"about":[{"href":"https:\/\/www.badachaz.org\/index.php?rest_route=\/wp\/v2\/types\/page"}],"author":[{"embeddable":true,"href":"https:\/\/www.badachaz.org\/index.php?rest_route=\/wp\/v2\/users\/1"}],"replies":[{"embeddable":true,"href":"https:\/\/www.badachaz.org\/index.php?rest_route=%2Fwp%2Fv2%2Fcomments&post=48"}],"version-history":[{"count":12,"href":"https:\/\/www.badachaz.org\/index.php?rest_route=\/wp\/v2\/pages\/48\/revisions"}],"predecessor-version":[{"id":5486,"href":"https:\/\/www.badachaz.org\/index.php?rest_route=\/wp\/v2\/pages\/48\/revisions\/5486"}],"wp:attachment":[{"href":"https:\/\/www.badachaz.org\/index.php?rest_route=%2Fwp%2Fv2%2Fmedia&parent=48"}],"curies":[{"name":"wp","href":"https:\/\/api.w.org\/{rel}","templated":true}]}}