{"id":5379,"date":"2024-06-21T18:03:46","date_gmt":"2024-06-21T16:03:46","guid":{"rendered":"https:\/\/www.badachaz.org\/?page_id=5379"},"modified":"2024-10-04T13:57:29","modified_gmt":"2024-10-04T11:57:29","slug":"bad-puissance-4-2024","status":"publish","type":"page","link":"https:\/\/www.badachaz.org\/?page_id=5379","title":{"rendered":"Bad Puissance 4 &#8211; 2024"},"content":{"rendered":"<div class=\"wp-block-image\">\n<figure class=\"aligncenter size-large is-resized\"><a href=\"https:\/\/www.badachaz.org\/wp-content\/uploads\/2024\/08\/2024_bp4_affiche_v2.png\"><img decoding=\"async\" src=\"https:\/\/www.badachaz.org\/wp-content\/uploads\/2024\/10\/2024_bp4_affiche_v3.png\" alt=\"\" style=\"width:644px;height:auto\"\/><\/a><\/figure>\n<\/div>\n\n\n<br>\n\n\n\n<p>\ud83d\udcc5 <strong>19 &amp; 20 Octobre 2024<\/strong><\/p>\n\n\n\n<p class=\"has-medium-font-size\">Par \u00e9quipe de <strong>4 minimum<\/strong> (2 femmes &amp; 2 hommes), rencontrez 3 autres \u00e9quipes dans la m\u00eame journ\u00e9e sous le format :<\/p>\n\n\n\n<ul class=\"wp-block-list\">\n<li><strong>Double Homme<\/strong><\/li>\n\n\n\n<li><strong>Double Dame<\/strong><\/li>\n\n\n\n<li><strong>Mixte 1<\/strong><\/li>\n\n\n\n<li><strong>Mixte 2<\/strong><\/li>\n<\/ul>\n\n\n\n<p>Tournoi ouvert aux s\u00e9ries <strong>N2 \u00e0 NC<\/strong><br>Cl\u00f4ture des inscriptions le <strong>Mercredi 9 Octobre 2023 \u00e0 23h59<\/strong><br>Inscriptions : <strong>100 \u20ac par \u00e9quipe<\/strong><br><strong>Samedi : max 5 s\u00e9ries (20 meilleures \u00e9quipes ~ N\/R\/D)<\/strong>, d\u00e9but 08h30 &#8211; fin max 19h00<br><strong>Dimanche : max 4 s\u00e9ries (16 autres \u00e9quipes ~ P\/NC)<\/strong>, d\u00e9but 09h00 &#8211; fin max 18h00<br>R\u00e9compenses pour les \u00e9quipes gagnantes et deuxi\u00e8mes de chaque s\u00e9rie<br>Volant officiel : RSL Tourney 3 (disponible \u00e0 l\u2019achat \u00e0 la buvette)<br>Juge Arbitre Principal : <strong>Gildas PERCHE<\/strong><br>GEO : Beno\u00eet VALLE<br>Label ECOBAD : 2 \u00e9toiles \u2b50\u2b50<\/p>\n\n\n\n<h3 class=\"wp-block-heading\"><strong>Notre lot d&rsquo;accueil 2024<\/strong> \ud83d\udc47<\/h3>\n\n\n\n<figure class=\"wp-block-video aligncenter\"><video height=\"1080\" style=\"aspect-ratio: 1920 \/ 1080;\" width=\"1920\" controls src=\"https:\/\/www.badachaz.org\/wp-content\/uploads\/2024\/09\/BP4_lot_accueil.mp4\"><\/video><\/figure>\n\n\n\n<h3 class=\"wp-block-heading\">\ud83c\udf81 Les lots \u00e0 gagner <\/h3>\n\n\n\n<p><strong>Vainqueurs <\/strong>(meilleure \u00e9quipe de chaque s\u00e9rie) : kit ap\u00e9ro contenant un mega kit de produits locaux (bi\u00e8res, jus de fruits, biscuits, &#8230;) + le jeu <a href=\"https:\/\/www.philibertnet.com\/fr\/catch-up-games\/127526-faraway-boite-orange-3760273010386.html#img\">Faraway <\/a>(As d&rsquo;Or 2024 Initi\u00e9s).<\/p>\n\n\n<div class=\"wp-block-image\">\n<figure class=\"aligncenter size-full is-resized\"><img loading=\"lazy\" decoding=\"async\" width=\"1024\" height=\"1024\" src=\"https:\/\/www.badachaz.org\/wp-content\/uploads\/2024\/10\/faraway-boite-orange.webp\" alt=\"\" class=\"wp-image-5654\" style=\"width:247px;height:auto\" srcset=\"https:\/\/www.badachaz.org\/wp-content\/uploads\/2024\/10\/faraway-boite-orange.webp 1024w, https:\/\/www.badachaz.org\/wp-content\/uploads\/2024\/10\/faraway-boite-orange-300x300.webp 300w, https:\/\/www.badachaz.org\/wp-content\/uploads\/2024\/10\/faraway-boite-orange-150x150.webp 150w, https:\/\/www.badachaz.org\/wp-content\/uploads\/2024\/10\/faraway-boite-orange-768x768.webp 768w\" sizes=\"auto, (max-width: 1024px) 100vw, 1024px\" \/><\/figure>\n<\/div>\n\n\n<p><strong>Deuxi\u00e8mes <\/strong>de chaque s\u00e9rie : bi\u00e8res et jus de fruits de producteurs locaux.<\/p>\n\n\n\n<p><strong>Chaz&rsquo; Au Tr\u00e9sor <\/strong>(pour chaque jour)<strong> <\/strong>: une boite LEGO, jeu de soci\u00e9t\u00e9, jeu vid\u00e9o et d&rsquo;autres surprises \ud83d\udc9d<\/p>\n\n\n\n<hr class=\"wp-block-separator has-alpha-channel-opacity\"\/>\n\n\n\n<p>Profitez du temps libre entre 2 matchs pour renforcer votre esprit d&rsquo;\u00e9quipe !<br>De nombreux jeux seront disponibles pour vous occuper entre les matchs : Bad Puissance 4 taille humaine, baby foot, jeux d&rsquo;arcade, Mario Kart, fl\u00e9chettes, jeux de soci\u00e9t\u00e9, &#8230;.<br>Vous souhaitez nous faire d\u00e9couvrir un jeu, venez avec \ud83d\ude42<br>\ud83d\udd75\ufe0f Une chasse au tr\u00e9sor par jour \u00e0 r\u00e9soudre (l&rsquo;\u00e9quipe la plus rapide sera r\u00e9compens\u00e9e).<\/p>\n\n\n\n<p class=\"has-small-font-size\">Avez-vous bien regard\u00e9 l&rsquo;affiche ?<\/p>\n\n\n\n<p>\ud83e\udd1d Si vous cherchez \u00e0 monter une \u00e9quipe mais que vous n&rsquo;\u00eates pas au complet, on peut s&rsquo;occuper de vous mettre en relation avec d&rsquo;autres joueurs en recherche (\u00e9crivez nous par mail ou sur notre page <a href=\"https:\/\/www.facebook.com\/badachaz\" data-type=\"link\" data-id=\"https:\/\/www.facebook.com\/badachaz\">Facebook<\/a>).<\/p>\n\n\n\n<p align=\"center\">\n<iframe id=\"haWidget\" allowtransparency=\"true\" src=\"https:\/\/www.helloasso.com\/associations\/badachaz\/evenements\/2024-bad-puissance-4-tournoi-par-equipes\/widget-vignette\" style=\"width: 350px; height: 750px; border: none;\"><\/iframe>\n<\/p>\n\n\n\n<h2 class=\"wp-block-heading has-large-font-size\">Liens utiles<\/h2>\n\n\n\n<p><a href=\"https:\/\/www.facebook.com\/events\/457054040554928\/?active_tab=discussion\">\u00c9v\u00e8nement Facebook<\/a><br><a href=\"https:\/\/badnet.fr\/tournoi\/public?eventid=25388\">Badnet du tournoi<\/a><br><a href=\"https:\/\/poona.ffbad.org\/download.php?file=dl-pdf-ZXZlbmVtZW50L1JlZWdsZW1lbnRDb21wbGVlbWVudGFpcmVfQkFEX1BVSVNTQU5DRV80XzIwMjRfdjJfNjZkYjA2NGIwNDk4NC5wZGY=*\">R\u00e8glement particulier<\/a> <br><a href=\"https:\/\/poona.ffbad.org\/download.php?file=dl-pdf-ZXZlbmVtZW50L0JBUF9QVUlTU0FOQ0VfNF8yMDI0X3JlZ2xlbWVudF9hbm5leGVfNjZjNTAwZWYyYzA5Ny5wZGY=*\">R\u00e8glement Annexe (sp\u00e9cifique tournoi par \u00e9quipe)<\/a><\/p>\n\n\n\n<p>Mail de contact : <a href=\"mailto:tournoibadachaz@gmail.com\">tournoibadachaz@gmail.com<br><\/a>Beno\u00eet VALLE &#8211; 06 30 54 38 58<\/p>\n\n\n\n<h1 class=\"wp-block-heading\">Nos partenaires<\/h1>\n\n\n\n<div class=\"wp-block-columns is-layout-flex wp-container-core-columns-is-layout-9d6595d7 wp-block-columns-is-layout-flex\">\n<div class=\"wp-block-column is-layout-flow wp-block-column-is-layout-flow\">\n<figure class=\"wp-block-image size-full\"><img loading=\"lazy\" decoding=\"async\" width=\"300\" height=\"300\" src=\"https:\/\/www.badachaz.org\/wp-content\/uploads\/2023\/09\/ZuppleTop.png\" alt=\"logo Zupple\" class=\"wp-image-4666\" srcset=\"https:\/\/www.badachaz.org\/wp-content\/uploads\/2023\/09\/ZuppleTop.png 300w, https:\/\/www.badachaz.org\/wp-content\/uploads\/2023\/09\/ZuppleTop-150x150.png 150w\" sizes=\"auto, (max-width: 300px) 100vw, 300px\" \/><\/figure>\n<\/div>\n\n\n\n<div class=\"wp-block-column is-layout-flow wp-block-column-is-layout-flow\"><\/div>\n\n\n\n<div class=\"wp-block-column is-layout-flow wp-block-column-is-layout-flow\"><\/div>\n<\/div>\n","protected":false},"excerpt":{"rendered":"<p>\ud83d\udcc5 19 &amp; 20 Octobre 2024 Par \u00e9quipe de 4 minimum (2 femmes &amp; 2 hommes), rencontrez 3 autres \u00e9quipes&hellip;<\/p>\n","protected":false},"author":5,"featured_media":0,"parent":0,"menu_order":0,"comment_status":"closed","ping_status":"closed","template":"","meta":{"footnotes":""},"class_list":["post-5379","page","type-page","status-publish","hentry"],"yoast_head":"<!-- This site is optimized with the Yoast SEO plugin v27.4 - https:\/\/yoast.com\/product\/yoast-seo-wordpress\/ -->\n<title>Bad Puissance 4 - 2024 -<\/title>\n<meta name=\"robots\" content=\"index, follow, max-snippet:-1, max-image-preview:large, max-video-preview:-1\" \/>\n<link rel=\"canonical\" href=\"https:\/\/www.badachaz.org\/?page_id=5379\" \/>\n<meta property=\"og:locale\" content=\"fr_FR\" \/>\n<meta property=\"og:type\" content=\"article\" \/>\n<meta property=\"og:title\" content=\"Bad Puissance 4 - 2024 -\" \/>\n<meta property=\"og:description\" content=\"\ud83d\udcc5 19 &amp; 20 Octobre 2024 Par \u00e9quipe de 4 minimum (2 femmes &amp; 2 hommes), rencontrez 3 autres \u00e9quipes&hellip;\" \/>\n<meta property=\"og:url\" content=\"https:\/\/www.badachaz.org\/?page_id=5379\" \/>\n<meta property=\"article:modified_time\" content=\"2024-10-04T11:57:29+00:00\" \/>\n<meta property=\"og:image\" content=\"https:\/\/www.badachaz.org\/wp-content\/uploads\/2024\/10\/2024_bp4_affiche_v3.png\" \/>\n<meta name=\"twitter:card\" content=\"summary_large_image\" \/>\n<meta name=\"twitter:label1\" content=\"Dur\u00e9e de lecture estim\u00e9e\" \/>\n\t<meta name=\"twitter:data1\" content=\"2 minutes\" \/>\n<script type=\"application\/ld+json\" class=\"yoast-schema-graph\">{\"@context\":\"https:\\\/\\\/schema.org\",\"@graph\":[{\"@type\":\"WebPage\",\"@id\":\"https:\\\/\\\/www.badachaz.org\\\/?page_id=5379\",\"url\":\"https:\\\/\\\/www.badachaz.org\\\/?page_id=5379\",\"name\":\"Bad Puissance 4 - 2024 -\",\"isPartOf\":{\"@id\":\"https:\\\/\\\/www.badachaz.org\\\/#website\"},\"primaryImageOfPage\":{\"@id\":\"https:\\\/\\\/www.badachaz.org\\\/?page_id=5379#primaryimage\"},\"image\":{\"@id\":\"https:\\\/\\\/www.badachaz.org\\\/?page_id=5379#primaryimage\"},\"thumbnailUrl\":\"https:\\\/\\\/www.badachaz.org\\\/wp-content\\\/uploads\\\/2024\\\/10\\\/2024_bp4_affiche_v3.png\",\"datePublished\":\"2024-06-21T16:03:46+00:00\",\"dateModified\":\"2024-10-04T11:57:29+00:00\",\"breadcrumb\":{\"@id\":\"https:\\\/\\\/www.badachaz.org\\\/?page_id=5379#breadcrumb\"},\"inLanguage\":\"fr-FR\",\"potentialAction\":[{\"@type\":\"ReadAction\",\"target\":[\"https:\\\/\\\/www.badachaz.org\\\/?page_id=5379\"]}]},{\"@type\":\"ImageObject\",\"inLanguage\":\"fr-FR\",\"@id\":\"https:\\\/\\\/www.badachaz.org\\\/?page_id=5379#primaryimage\",\"url\":\"https:\\\/\\\/www.badachaz.org\\\/wp-content\\\/uploads\\\/2024\\\/10\\\/2024_bp4_affiche_v3.png\",\"contentUrl\":\"https:\\\/\\\/www.badachaz.org\\\/wp-content\\\/uploads\\\/2024\\\/10\\\/2024_bp4_affiche_v3.png\"},{\"@type\":\"BreadcrumbList\",\"@id\":\"https:\\\/\\\/www.badachaz.org\\\/?page_id=5379#breadcrumb\",\"itemListElement\":[{\"@type\":\"ListItem\",\"position\":1,\"name\":\"Accueil\",\"item\":\"https:\\\/\\\/www.badachaz.org\\\/\"},{\"@type\":\"ListItem\",\"position\":2,\"name\":\"Bad Puissance 4 &#8211; 2024\"}]},{\"@type\":\"WebSite\",\"@id\":\"https:\\\/\\\/www.badachaz.org\\\/#website\",\"url\":\"https:\\\/\\\/www.badachaz.org\\\/\",\"name\":\"\",\"description\":\"Badminton Club Chazay d&#039;Azergues\",\"publisher\":{\"@id\":\"https:\\\/\\\/www.badachaz.org\\\/#organization\"},\"potentialAction\":[{\"@type\":\"SearchAction\",\"target\":{\"@type\":\"EntryPoint\",\"urlTemplate\":\"https:\\\/\\\/www.badachaz.org\\\/?s={search_term_string}\"},\"query-input\":{\"@type\":\"PropertyValueSpecification\",\"valueRequired\":true,\"valueName\":\"search_term_string\"}}],\"inLanguage\":\"fr-FR\"},{\"@type\":\"Organization\",\"@id\":\"https:\\\/\\\/www.badachaz.org\\\/#organization\",\"name\":\"Badachaz\",\"url\":\"https:\\\/\\\/www.badachaz.org\\\/\",\"logo\":{\"@type\":\"ImageObject\",\"inLanguage\":\"fr-FR\",\"@id\":\"https:\\\/\\\/www.badachaz.org\\\/#\\\/schema\\\/logo\\\/image\\\/\",\"url\":\"https:\\\/\\\/www.badachaz.org\\\/wp-content\\\/uploads\\\/2018\\\/08\\\/cropped-LOGO_BADACHAZ_NEUTRE_FT.png\",\"contentUrl\":\"https:\\\/\\\/www.badachaz.org\\\/wp-content\\\/uploads\\\/2018\\\/08\\\/cropped-LOGO_BADACHAZ_NEUTRE_FT.png\",\"width\":512,\"height\":512,\"caption\":\"Badachaz\"},\"image\":{\"@id\":\"https:\\\/\\\/www.badachaz.org\\\/#\\\/schema\\\/logo\\\/image\\\/\"}}]}<\/script>\n<!-- \/ Yoast SEO plugin. -->","yoast_head_json":{"title":"Bad Puissance 4 - 2024 -","robots":{"index":"index","follow":"follow","max-snippet":"max-snippet:-1","max-image-preview":"max-image-preview:large","max-video-preview":"max-video-preview:-1"},"canonical":"https:\/\/www.badachaz.org\/?page_id=5379","og_locale":"fr_FR","og_type":"article","og_title":"Bad Puissance 4 - 2024 -","og_description":"\ud83d\udcc5 19 &amp; 20 Octobre 2024 Par \u00e9quipe de 4 minimum (2 femmes &amp; 2 hommes), rencontrez 3 autres \u00e9quipes&hellip;","og_url":"https:\/\/www.badachaz.org\/?page_id=5379","article_modified_time":"2024-10-04T11:57:29+00:00","og_image":[{"url":"https:\/\/www.badachaz.org\/wp-content\/uploads\/2024\/10\/2024_bp4_affiche_v3.png","type":"","width":"","height":""}],"twitter_card":"summary_large_image","twitter_misc":{"Dur\u00e9e de lecture estim\u00e9e":"2 minutes"},"schema":{"@context":"https:\/\/schema.org","@graph":[{"@type":"WebPage","@id":"https:\/\/www.badachaz.org\/?page_id=5379","url":"https:\/\/www.badachaz.org\/?page_id=5379","name":"Bad Puissance 4 - 2024 -","isPartOf":{"@id":"https:\/\/www.badachaz.org\/#website"},"primaryImageOfPage":{"@id":"https:\/\/www.badachaz.org\/?page_id=5379#primaryimage"},"image":{"@id":"https:\/\/www.badachaz.org\/?page_id=5379#primaryimage"},"thumbnailUrl":"https:\/\/www.badachaz.org\/wp-content\/uploads\/2024\/10\/2024_bp4_affiche_v3.png","datePublished":"2024-06-21T16:03:46+00:00","dateModified":"2024-10-04T11:57:29+00:00","breadcrumb":{"@id":"https:\/\/www.badachaz.org\/?page_id=5379#breadcrumb"},"inLanguage":"fr-FR","potentialAction":[{"@type":"ReadAction","target":["https:\/\/www.badachaz.org\/?page_id=5379"]}]},{"@type":"ImageObject","inLanguage":"fr-FR","@id":"https:\/\/www.badachaz.org\/?page_id=5379#primaryimage","url":"https:\/\/www.badachaz.org\/wp-content\/uploads\/2024\/10\/2024_bp4_affiche_v3.png","contentUrl":"https:\/\/www.badachaz.org\/wp-content\/uploads\/2024\/10\/2024_bp4_affiche_v3.png"},{"@type":"BreadcrumbList","@id":"https:\/\/www.badachaz.org\/?page_id=5379#breadcrumb","itemListElement":[{"@type":"ListItem","position":1,"name":"Accueil","item":"https:\/\/www.badachaz.org\/"},{"@type":"ListItem","position":2,"name":"Bad Puissance 4 &#8211; 2024"}]},{"@type":"WebSite","@id":"https:\/\/www.badachaz.org\/#website","url":"https:\/\/www.badachaz.org\/","name":"","description":"Badminton Club Chazay d&#039;Azergues","publisher":{"@id":"https:\/\/www.badachaz.org\/#organization"},"potentialAction":[{"@type":"SearchAction","target":{"@type":"EntryPoint","urlTemplate":"https:\/\/www.badachaz.org\/?s={search_term_string}"},"query-input":{"@type":"PropertyValueSpecification","valueRequired":true,"valueName":"search_term_string"}}],"inLanguage":"fr-FR"},{"@type":"Organization","@id":"https:\/\/www.badachaz.org\/#organization","name":"Badachaz","url":"https:\/\/www.badachaz.org\/","logo":{"@type":"ImageObject","inLanguage":"fr-FR","@id":"https:\/\/www.badachaz.org\/#\/schema\/logo\/image\/","url":"https:\/\/www.badachaz.org\/wp-content\/uploads\/2018\/08\/cropped-LOGO_BADACHAZ_NEUTRE_FT.png","contentUrl":"https:\/\/www.badachaz.org\/wp-content\/uploads\/2018\/08\/cropped-LOGO_BADACHAZ_NEUTRE_FT.png","width":512,"height":512,"caption":"Badachaz"},"image":{"@id":"https:\/\/www.badachaz.org\/#\/schema\/logo\/image\/"}}]}},"_links":{"self":[{"href":"https:\/\/www.badachaz.org\/index.php?rest_route=\/wp\/v2\/pages\/5379","targetHints":{"allow":["GET"]}}],"collection":[{"href":"https:\/\/www.badachaz.org\/index.php?rest_route=\/wp\/v2\/pages"}],"about":[{"href":"https:\/\/www.badachaz.org\/index.php?rest_route=\/wp\/v2\/types\/page"}],"author":[{"embeddable":true,"href":"https:\/\/www.badachaz.org\/index.php?rest_route=\/wp\/v2\/users\/5"}],"replies":[{"embeddable":true,"href":"https:\/\/www.badachaz.org\/index.php?rest_route=%2Fwp%2Fv2%2Fcomments&post=5379"}],"version-history":[{"count":39,"href":"https:\/\/www.badachaz.org\/index.php?rest_route=\/wp\/v2\/pages\/5379\/revisions"}],"predecessor-version":[{"id":5657,"href":"https:\/\/www.badachaz.org\/index.php?rest_route=\/wp\/v2\/pages\/5379\/revisions\/5657"}],"wp:attachment":[{"href":"https:\/\/www.badachaz.org\/index.php?rest_route=%2Fwp%2Fv2%2Fmedia&parent=5379"}],"curies":[{"name":"wp","href":"https:\/\/api.w.org\/{rel}","templated":true}]}}