{"id":63,"date":"2018-08-09T11:01:35","date_gmt":"2018-08-09T09:01:35","guid":{"rendered":"http:\/\/127.0.0.1\/wordpress\/?page_id=63"},"modified":"2024-09-09T20:00:43","modified_gmt":"2024-09-09T18:00:43","slug":"photos","status":"publish","type":"page","link":"https:\/\/www.badachaz.org\/?page_id=63","title":{"rendered":"Photos"},"content":{"rendered":"<h3>Saison 2023-2024<\/h3>\n<ul>\n<li>BAD4 : <a href=\"https:\/\/photos.app.goo.gl\/VMsqiLaw5NS9GGAF9\" target=\"_blank\" rel=\"noopener noreferrer\">Photos<\/a><\/li>\n<li>BAD4 podium : <a href=\"https:\/\/photos.app.goo.gl\/AzZJszGahxihz8Ax5\" target=\"_blank\" rel=\"noopener noreferrer\">Photos<\/a><\/li>\n<li>Promobad L&rsquo;Arbresle : <a href=\"https:\/\/photos.app.goo.gl\/SUqCA4Y6XTFURzeo6\" target=\"_blank\" rel=\"noopener noreferrer\">Photos<\/a><\/li>\n<li>Coupe du Rh\u00f4ne : <a href=\"https:\/\/photos.app.goo.gl\/FbyYyu8ZSjNRs8MCA\" target=\"_blank\" rel=\"noopener noreferrer\">Photos<\/a><\/li>\n<li>Team Challenge BACLY : <a href=\"https:\/\/photos.app.goo.gl\/sCXgAmff9eSJqJUH7\" target=\"_blank\" rel=\"noopener noreferrer\">Photos<\/a><\/li>\n<li>Tournois de No\u00ebl : <a href=\"https:\/\/photos.app.goo.gl\/fhPhLEhYCiYrKaBc9\" target=\"_blank\" rel=\"noopener noreferrer\">Photos<\/a><\/li>\n<li>Troph\u00e9e jeunes Chazay : <a href=\"https:\/\/photos.app.goo.gl\/xo2kJdKtCfxfC1vF9\" target=\"_blank\" rel=\"noopener noreferrer\">Photos<\/a><\/li>\n<li>Troph\u00e9e jeunes Chazay &#8211; Podium : <a href=\"https:\/\/photos.app.goo.gl\/6XZgUZuY4mUkyWqRA\" target=\"_blank\" rel=\"noopener noreferrer\">Photos<\/a><\/li>\n<li>Promobad Chazay &#8211; vainqueurs et finalistes : <a href=\"https:\/\/photos.app.goo.gl\/rdRnhJk8WvNgbhFu7\" target=\"_blank\" rel=\"noopener noreferrer\">Photos<\/a><\/li>\n<li>Plateau MiniBad &#8211; Promobad Chazay : <a href=\"https:\/\/photos.app.goo.gl\/jPwoofDNQxsPesKN6\" target=\"_blank\" rel=\"noopener noreferrer\">Photos<\/a><\/li>\n<li>Troph\u00e9e BACLY : <a href=\"https:\/\/photos.app.goo.gl\/X55yD3ffYVSe5baP7\" target=\"_blank\" rel=\"noopener noreferrer\">Photos<\/a><\/li>\n<li>Stages : <a href=\"https:\/\/photos.app.goo.gl\/XUHFcnrPakFGDBmA7\" target=\"_blank\" rel=\"noopener noreferrer\">Photos<\/a><\/li>\n<li>Palmar\u00e8s doubles de l&rsquo;Azergues : <a href=\"https:\/\/photos.app.goo.gl\/UCm36MNWcUYotbNx9\" target=\"_blank\" rel=\"noopener noreferrer\">Photos<\/a><\/li>\n<li>Tournoi jeune d\u00e9guis\u00e9 : <a href=\"https:\/\/photos.app.goo.gl\/SUUUwLimtYDiNSAM8\" target=\"_blank\" rel=\"noopener noreferrer\">Photos<\/a><\/li>\n<li>IC Jeunes : <a href=\"https:\/\/photos.app.goo.gl\/bMHicFa7XxN72ntTA\" target=\"_blank\" rel=\"noopener noreferrer\">Photos<\/a><\/li>\n<li>Tournoi des familles : <a href=\"https:\/\/photos.app.goo.gl\/woLKtTgM8hyCs96f8\" target=\"_blank\" rel=\"noopener noreferrer\">Photos<\/a><\/li>\n<li>Les podiums : <a href=\"https:\/\/photos.app.goo.gl\/G4oiFDDBD8dRDNMf8\" target=\"_blank\" rel=\"noopener noreferrer\">Photos<\/a><\/li>\n<li>Le club : <a href=\"https:\/\/photos.app.goo.gl\/n7GJ4y2zMLd5Nv8C8\" target=\"_blank\" rel=\"noopener noreferrer\">Photos<\/a><\/li>\n<\/ul>\n<h3>Saison 2022-2023<\/h3>\n<ul>\n<li>IC Promo contre l&rsquo;Arbresle : <a href=\"https:\/\/photos.app.goo.gl\/hjZuwyDYQmFUbLQU8\" target=\"_blank\" rel=\"noopener noreferrer\">Photos<\/a><\/li>\n<li>14 \u00e9dition des doubles de l&rsquo;Azergues : <a href=\"https:\/\/photos.app.goo.gl\/p2siVYibVXMUtqWY7\" target=\"_blank\" rel=\"noopener noreferrer\">Photos<\/a><\/li>\n<li>Troph\u00e9e Chazay : <a href=\"https:\/\/photos.app.goo.gl\/LkJ3rj84U2UdCwdk8\" target=\"_blank\" rel=\"noopener noreferrer\">Photos<\/a><\/li>\n<li>PMB\/RDJ Chazay : <a href=\"https:\/\/photos.app.goo.gl\/Xi5o28NiJ5Y3dB8ZA\" target=\"_blank\" rel=\"noopener noreferrer\">Photos<\/a><\/li>\n<li>RDJ \u00e0 Oullins : <a href=\"https:\/\/photos.app.goo.gl\/2zGoLffteoyajVmSA\" target=\"_blank\" rel=\"noopener noreferrer\">Photos<\/a><\/li>\n<li>RDJ du BACLY : <a href=\"https:\/\/photos.app.goo.gl\/cANvuqAB4creG9BX6\" target=\"_blank\" rel=\"noopener noreferrer\">Photos<\/a><\/li>\n<li>TEAM CHALLENGE de Chassieu (rendez-vous demain \u00e0 l&rsquo;Arbresle) : <a href=\"https:\/\/photos.app.goo.gl\/2SCYjTgNzdG2NAY77\" target=\"_blank\" rel=\"noopener noreferrer\">Photos<\/a><\/li>\n<li>L&rsquo;album de No\u00ebl, petits et grands ! <a href=\"https:\/\/photos.app.goo.gl\/zeQDpggVfHjvKU6M6\" target=\"_blank\" rel=\"noopener noreferrer\">Photos<\/a><\/li>\n<\/ul>\n<h3>Saison 2021-2022<\/h3>\n<ul>\n<li><a href=\"https:=\" target=\"_blank\" rel=\"noopener noreferrer\">Club<\/a>, <a href=\"https:\/\/photos.app.goo.gl\/veSC9EgcAMnWcQAF6\" target=\"_blank\" rel=\"noopener\">tournoi de No\u00ebl<\/a><\/li>\n<li><a href=\"https:\/\/photos.app.goo.gl\/jhFRhkW7jQaLpQyF6\" target=\"_blank\" rel=\"noopener\">Vainqueurs et finalistes chaz\u00e9ens<\/a><\/li>\n<li>Tournoi adultes Plumes Dor\u00e9es : <a href=\"https:\/\/photos.app.goo.gl\/MWfn1Ne78v2NjhDf9\" target=\"_blank\" rel=\"noopener\">Vainqueurs et finalistes<\/a>, <a href=\"https:\/\/photos.app.goo.gl\/GpE4WbjcpMMZRcEH7\" target=\"_blank\" rel=\"noopener\">club<\/a><\/li>\n<li>Tournoi adultes Doubles de l&rsquo;Azergues : <a href=\"https:\/\/photos.app.goo.gl\/hWDXLGtRAkJ19Hsa6\" target=\"_blank\" rel=\"noopener\">Vainqueurs et finalistes<\/a>, <a href=\"https:\/\/photos.app.goo.gl\/9Sh5xHmhEZugtZfV6\" target=\"_blank\" rel=\"noopener\">club<\/a><\/li>\n<li>Tournoi jeunes Troph\u00e9e :<\/li>\n<li>Interclubs promo : <a href=\"https:=\" target=\"_blank\" rel=\"noopener\">Rencontre n\u00b01<\/a>, <a href=\"https:\/\/photos.app.goo.gl\/dXK1tsr6W9phSS6q7\" target=\"_blank\" rel=\"noopener\">Rencontre 2<\/a>, <a href=\"https:\/\/photos.app.goo.gl\/zYhnmjTqhbB1vh3n6\" target=\"_blank\" rel=\"noopener\">Rencontre 3<\/a>, <a href=\"https:\/\/photos.app.goo.gl\/rWzPmePkXkPGgZCy8\" target=\"_blank\" rel=\"noopener\">Rencontre 4<\/a>, <a href=\"https:\/\/photos.app.goo.gl\/T8xfAixPJdfL4eux6\" target=\"_blank\" rel=\"noopener\">Rencontre 5<\/a><\/li>\n<li>Interclubs D3 : <a href=\"https:\/\/photos.app.goo.gl\/PF8iFoLzMX9aYwkb8\" target=\"_blank\" rel=\"noopener\">Journ\u00e9e 1<\/a>, <a href=\"https:\/\/photos.app.goo.gl\/HdNhdW5svvcKRkqA9\" target=\"_blank\" rel=\"noopener\">Journ\u00e9e 2<\/a><\/li>\n<li>Jeunes : <a href=\"https:\/\/photos.app.goo.gl\/RneN6xdhoWZByKBW9\" target=\"_blank\" rel=\"noopener\">PMD et RDJ \u00e0 Chazay<\/a><\/li>\n<\/ul>\n<h3>Saison 2020-2021<\/h3>\n<ul>\n<li><a href=\"https:\/\/photos.app.goo.gl\/XHoeaug1AVsi4LEW7\" target=\"_blank\" rel=\"noopener\">Club<\/a><\/li>\n<li><a href=\"https:\/\/photos.app.goo.gl\/biz9xX9vvg9azLgu6\" target=\"_blank\" rel=\"noopener\">Vainqueurs et finalistes chaz\u00e9ens<\/a><\/li>\n<li>Jeunes : <a href=\"https:\/\/photos.app.goo.gl\/t6gqbVBe7onB9X6J6\" target=\"_blank\" rel=\"noopener\">Tournoi interne<\/a><\/li>\n<\/ul>\n<h3>Saison 2019-2020<\/h3>\n<ul>\n<li><a href=\"https:\/\/photos.app.goo.gl\/Z1v9LqUfMTEvvgda8\" target=\"_blank\" rel=\"noopener noreferrer\">Club<\/a><\/li>\n<li><a href=\"https:\/\/photos.app.goo.gl\/bS4zucvRBYHaK1bHA\" target=\"_blank\" rel=\"noopener noreferrer\">Vainqueurs et finalistes chaz\u00e9ens<\/a><\/li>\n<li>Tournois internes adultes : <a href=\"https:\/\/photos.app.goo.gl\/48dMerJnZjHFdYHi7\" target=\"_blank\" rel=\"noopener noreferrer\">Accueil<\/a>, <a href=\"https:\/\/photos.app.goo.gl\/yTTprCqBKa8KDuEg6\" target=\"_blank\" rel=\"noopener noreferrer\">Halloween<\/a><\/li>\n<li>Tournois internes adultes\/jeunes : <a href=\"https:\/\/photos.app.goo.gl\/zVnFfUucY8hG9dSz7\" target=\"_blank\" rel=\"noopener noreferrer\">No\u00ebl<\/a><\/li>\n<li>Tournoi adultes Plumes Dor\u00e9es : <a href=\"https:\/\/photos.app.goo.gl\/63gZ1Hmkw7hD4HdC6\" target=\"_blank\" rel=\"noopener noreferrer\">Vainqueurs et finalistes<\/a> <a href=\"https:\/\/photos.app.goo.gl\/Kx68K5fTP1qrvEun6\" target=\"_blank\" rel=\"noopener noreferrer\">club<\/a><\/li>\n<li>Tournoi adultes Doubles de l&rsquo;Azergues : <a href=\"https:\/\/photos.app.goo.gl\/Avsy6n8gYNQ8W8Me7\" target=\"_blank\" rel=\"noopener noreferrer\">Vainqueurs et finalistes<\/a><\/li>\n<li>Tournoi jeunes Troph\u00e9e :\u00a0<a href=\"https:\/\/photos.app.goo.gl\/d5iZtK1DH3fbbpHi8\" target=\"_blank\" rel=\"noopener noreferrer\">Vainqueurs et finalistes<\/a><\/li>\n<li>Interclubs promo : <a href=\"https:\/\/photos.app.goo.gl\/Y8CbTsdvhY99NqmE8\" target=\"_blank\" rel=\"noopener noreferrer\">Rencontre 1<\/a><\/li>\n<li>Interclubs :\u00a0<a href=\"https:\/\/photos.app.goo.gl\/GLUqdDximVMCZvwA7\" target=\"_blank\" rel=\"noopener noreferrer\">Fin des rencontres<\/a><\/li>\n<li>Jeunes : <a href=\"https:\/\/photos.app.goo.gl\/MdMXcwMsM51TtRw67\" target=\"_blank\" rel=\"noopener noreferrer\">Stage n\u00b01<\/a>, <a href=\"https:\/\/photos.app.goo.gl\/5yyZ2iTgN61XHVBX7\" target=\"_blank\" rel=\"noopener noreferrer\">PMB et RDJ<\/a><\/li>\n<\/ul>\n<h3>Saison 2018-2019<\/h3>\n<ul>\n<li><a href=\"https:\/\/photos.app.goo.gl\/HvpqonUjqZWTEnSB7\" target=\"_blank\" rel=\"noopener noreferrer\">Club<\/a><\/li>\n<li><a href=\"https:\/\/photos.app.goo.gl\/yK9oLDfa4GWoLFBCA\" target=\"_blank\" rel=\"noopener noreferrer\">Vainqueurs et finalistes chaz\u00e9ens<\/a><\/li>\n<li>Tournois internes adultes : <a href=\"https:\/\/flic.kr\/s\/aHsmjpx67j\" target=\"_blank\" rel=\"noopener noreferrer\">Accueil<\/a>, <a href=\"https:\/\/flic.kr\/s\/aHsmmLRXSj\" target=\"_blank\" rel=\"noopener noreferrer\">Halloween<\/a><\/li>\n<li>Tournois internes adultes\/jeunes : <a href=\"https:\/\/photos.app.goo.gl\/jM1CcuLVxmMGmZvH6\">No\u00ebl<\/a>, <a href=\"https:\/\/photos.app.goo.gl\/R241dX47dbReu5p39\" target=\"_blank\" rel=\"noopener noreferrer\">Familles<\/a><\/li>\n<li>Tournoi adultes Plumes Dor\u00e9es : <a href=\"https:\/\/flic.kr\/s\/aHsmqtVnHm\" target=\"_blank\" rel=\"noopener noreferrer\">vainqueurs et finalistes<\/a>, <a href=\"https:\/\/photos.app.goo.gl\/rGgDtipdPk9Kx81M7\">club<\/a><\/li>\n<li>Tournoi adultes Doubles de l&rsquo;Azergues : <a href=\"https:\/\/photos.app.goo.gl\/zQokZkXbxmT8XVE87\" target=\"_blank\" rel=\"noopener noreferrer\">vainqueurs et finalistes<\/a>, <a href=\"https:\/\/photos.app.goo.gl\/xaWtANoSwbZuYKhA6\" target=\"_blank\" rel=\"noopener noreferrer\">club<\/a><\/li>\n<li>Tournoi jeunes Troph\u00e9e : <a href=\"https:\/\/photos.app.goo.gl\/pTTbzEhUd8AH65qQ6\" target=\"_blank\" rel=\"noopener noreferrer\">vainqueurs et finalistes<\/a><\/li>\n<li>Interclubs promo : <a href=\"https:\/\/photos.app.goo.gl\/7TjKwjmio9w8s2q6A\">Rencontre 1<\/a>, <a href=\"https:\/\/photos.app.goo.gl\/3sARigjGL1hp3rQ46\">Rencontre 3<\/a>, <a href=\"https:\/\/photos.app.goo.gl\/3sARigjGL1hp3rQ46\" target=\"_blank\" rel=\"noopener noreferrer\">Rencontre 4<\/a><\/li>\n<li>Interclubs \u00e9lite : <a href=\"https:\/\/photos.app.goo.gl\/EWZcpYuCdyjFs4Qf7\" target=\"_blank\" rel=\"noopener noreferrer\">Rencontre 1<\/a>, <a href=\"https:\/\/photos.app.goo.gl\/bnsSvTn3nqjGaxJx7\" target=\"_blank\" rel=\"noopener noreferrer\">Rencontre 2<\/a>, <a href=\"https:\/\/photos.app.goo.gl\/J7RqczSCVjytJm4u5\" target=\"_blank\" rel=\"noopener noreferrer\">Rencontre 3<\/a>, <a href=\"https:\/\/photos.app.goo.gl\/GZTeyPnT1yvsnNUW7\" target=\"_blank\" rel=\"noopener noreferrer\">Rencontre 4<\/a>, <a href=\"https:\/\/photos.app.goo.gl\/mdiJbWpkysm2QKXY8\" target=\"_blank\" rel=\"noopener noreferrer\">Rencontre 5<\/a>, <a href=\"https:\/\/photos.app.goo.gl\/dz3mdgcV5tgDGuqd7\" target=\"_blank\" rel=\"noopener noreferrer\">Rencontre 6<\/a><\/li>\n<li>Jeunes : <a href=\"https:\/\/photos.app.goo.gl\/aNHW1HtKM5EY6Qkq7\" target=\"_blank\" rel=\"noopener noreferrer\">PMB et RDJ Chazay<\/a>, <a href=\"https:\/\/photos.app.goo.gl\/yZrPwTzq823PthtS7\" target=\"_blank\" rel=\"noopener noreferrer\">RDJ Corbas<\/a>, <a href=\"https:\/\/photos.app.goo.gl\/NQCoeNRsYRGWibQQ6\" target=\"_blank\" rel=\"noopener noreferrer\">Interclubs<\/a>, <a href=\"https:\/\/photos.app.goo.gl\/2UPnY7DBgkQkG29WA\" target=\"_blank\" rel=\"noopener noreferrer\">un samedi<\/a>, <a href=\"https:\/\/photos.app.goo.gl\/DfaHTBxXACFWxgYdA\" target=\"_blank\" rel=\"noopener noreferrer\">Bron<\/a><\/li>\n<li>Accueil \u00e9v\u00e9nements Comit\u00e9 : <a href=\"https:\/\/photos.app.goo.gl\/wmRynBrFiPGfXTnv8\">DJ n\u00b06<\/a><\/li>\n<li>Coupe du Rh\u00f4ne : <a href=\"https:\/\/photos.app.goo.gl\/ot5fboyhEeLvWq6T8\" target=\"_blank\" rel=\"noopener noreferrer\">Jeunes et adultes<\/a><\/li>\n<\/ul>\n<h3>Saison 2017-2018<\/h3>\n<ul>\n<li>Concours photo : <a href=\"https:\/\/photos.app.goo.gl\/4v9TEWvcb6G1RrD16\" target=\"_blank\" rel=\"noopener noreferrer\">\u00e9t\u00e9<\/a><\/li>\n<li>Tournois adultes : <a href=\"https:\/\/flic.kr\/s\/aHsm5Tup2m\" target=\"_blank\" rel=\"noopener noreferrer\">Accueil<\/a>,\u00a0<a href=\"https:\/\/flic.kr\/s\/aHsmchsLhM\" target=\"_blank\" rel=\"noopener noreferrer\">Halloween<\/a>,\u00a0<a href=\"https:\/\/flic.kr\/s\/aHsmbaAs7b\" target=\"_blank\" rel=\"noopener noreferrer\">No\u00ebl<\/a><\/li>\n<li>Interclub Elite : <a href=\"https:\/\/flic.kr\/s\/aHskvNa9fV\" target=\"_blank\" rel=\"noopener noreferrer\">rencontre 1<\/a>, <a href=\"https:\/\/flic.kr\/s\/aHsma4yBgS\" target=\"_blank\" rel=\"noopener noreferrer\">rencontre 2<\/a>, <a href=\"https:\/\/flic.kr\/s\/aHsksdEqs2\" target=\"_blank\" rel=\"noopener noreferrer\">rencontre 3<\/a>, <a href=\"https:\/\/flic.kr\/s\/aHskvkrJP2\" target=\"_blank\" rel=\"noopener noreferrer\">rencontre 4<\/a>, <a href=\"https:\/\/flic.kr\/s\/aHsmfZLEmQ\" target=\"_blank\" rel=\"noopener noreferrer\">rencontre 6<\/a><\/li>\n<li>Interclub Promo : <a href=\"https:\/\/www.flickr.com\/gp\/133117563@N04\/5T2eYa\" target=\"_blank\" rel=\"noopener noreferrer\">rencontre 1<\/a>, <a href=\"https:\/\/flic.kr\/s\/aHsmfZLEmQ\" target=\"_blank\" rel=\"noopener noreferrer\">rencontre 2<\/a>, <a href=\"https:\/\/flic.kr\/s\/aHsmjR8Pjb\" target=\"_blank\" rel=\"noopener noreferrer\">rencontre 3<\/a><\/li>\n<li>Tournoi adultes Plumes Dor\u00e9es : <a href=\"https:\/\/flic.kr\/s\/aHskr36v4m\" target=\"_blank\" rel=\"noopener noreferrer\">vainqueurs et finalistes<\/a><\/li>\n<li>Tournoi adultes Doubles de l&rsquo;Azergues :\u00a0<a href=\"https:\/\/flic.kr\/s\/aHskubZ6n6\" target=\"_blank\" rel=\"noopener noreferrer\">vainqueurs et finalistes<\/a><\/li>\n<li>Tournoi D\u00e9partemental Jeunes : <a href=\"https:\/\/flic.kr\/s\/aHskv4Ydfw\" target=\"_blank\" rel=\"noopener noreferrer\">club<\/a>, <a href=\"https:\/\/flic.kr\/s\/aHskAqiN1a\" target=\"_blank\" rel=\"noopener noreferrer\">vainqueurs et finalistes<\/a><\/li>\n<\/ul>\n","protected":false},"excerpt":{"rendered":"<p>Saison 2023-2024 BAD4 : Photos BAD4 podium : Photos Promobad L&rsquo;Arbresle : Photos Coupe du Rh\u00f4ne : Photos Team Challenge&hellip;<\/p>\n","protected":false},"author":1,"featured_media":0,"parent":0,"menu_order":0,"comment_status":"closed","ping_status":"closed","template":"","meta":{"footnotes":""},"class_list":["post-63","page","type-page","status-publish","hentry"],"yoast_head":"<!-- This site is optimized with the Yoast SEO plugin v27.4 - https:\/\/yoast.com\/product\/yoast-seo-wordpress\/ -->\n<title>Photos -<\/title>\n<meta name=\"robots\" content=\"index, follow, max-snippet:-1, max-image-preview:large, max-video-preview:-1\" \/>\n<link rel=\"canonical\" href=\"https:\/\/www.badachaz.org\/?page_id=63\" \/>\n<meta property=\"og:locale\" content=\"fr_FR\" \/>\n<meta property=\"og:type\" content=\"article\" \/>\n<meta property=\"og:title\" content=\"Photos -\" \/>\n<meta property=\"og:description\" content=\"Saison 2023-2024 BAD4 : Photos BAD4 podium : Photos Promobad L&rsquo;Arbresle : Photos Coupe du Rh\u00f4ne : Photos Team Challenge&hellip;\" \/>\n<meta property=\"og:url\" content=\"https:\/\/www.badachaz.org\/?page_id=63\" \/>\n<meta property=\"article:modified_time\" content=\"2024-09-09T18:00:43+00:00\" \/>\n<meta name=\"twitter:card\" content=\"summary_large_image\" \/>\n<meta name=\"twitter:label1\" content=\"Dur\u00e9e de lecture estim\u00e9e\" \/>\n\t<meta name=\"twitter:data1\" content=\"2 minutes\" \/>\n<script type=\"application\/ld+json\" class=\"yoast-schema-graph\">{\"@context\":\"https:\\\/\\\/schema.org\",\"@graph\":[{\"@type\":\"WebPage\",\"@id\":\"https:\\\/\\\/www.badachaz.org\\\/?page_id=63\",\"url\":\"https:\\\/\\\/www.badachaz.org\\\/?page_id=63\",\"name\":\"Photos -\",\"isPartOf\":{\"@id\":\"https:\\\/\\\/www.badachaz.org\\\/#website\"},\"datePublished\":\"2018-08-09T09:01:35+00:00\",\"dateModified\":\"2024-09-09T18:00:43+00:00\",\"breadcrumb\":{\"@id\":\"https:\\\/\\\/www.badachaz.org\\\/?page_id=63#breadcrumb\"},\"inLanguage\":\"fr-FR\",\"potentialAction\":[{\"@type\":\"ReadAction\",\"target\":[\"https:\\\/\\\/www.badachaz.org\\\/?page_id=63\"]}]},{\"@type\":\"BreadcrumbList\",\"@id\":\"https:\\\/\\\/www.badachaz.org\\\/?page_id=63#breadcrumb\",\"itemListElement\":[{\"@type\":\"ListItem\",\"position\":1,\"name\":\"Accueil\",\"item\":\"https:\\\/\\\/www.badachaz.org\\\/\"},{\"@type\":\"ListItem\",\"position\":2,\"name\":\"Photos\"}]},{\"@type\":\"WebSite\",\"@id\":\"https:\\\/\\\/www.badachaz.org\\\/#website\",\"url\":\"https:\\\/\\\/www.badachaz.org\\\/\",\"name\":\"\",\"description\":\"Badminton Club Chazay d&#039;Azergues\",\"publisher\":{\"@id\":\"https:\\\/\\\/www.badachaz.org\\\/#organization\"},\"potentialAction\":[{\"@type\":\"SearchAction\",\"target\":{\"@type\":\"EntryPoint\",\"urlTemplate\":\"https:\\\/\\\/www.badachaz.org\\\/?s={search_term_string}\"},\"query-input\":{\"@type\":\"PropertyValueSpecification\",\"valueRequired\":true,\"valueName\":\"search_term_string\"}}],\"inLanguage\":\"fr-FR\"},{\"@type\":\"Organization\",\"@id\":\"https:\\\/\\\/www.badachaz.org\\\/#organization\",\"name\":\"Badachaz\",\"url\":\"https:\\\/\\\/www.badachaz.org\\\/\",\"logo\":{\"@type\":\"ImageObject\",\"inLanguage\":\"fr-FR\",\"@id\":\"https:\\\/\\\/www.badachaz.org\\\/#\\\/schema\\\/logo\\\/image\\\/\",\"url\":\"https:\\\/\\\/www.badachaz.org\\\/wp-content\\\/uploads\\\/2018\\\/08\\\/cropped-LOGO_BADACHAZ_NEUTRE_FT.png\",\"contentUrl\":\"https:\\\/\\\/www.badachaz.org\\\/wp-content\\\/uploads\\\/2018\\\/08\\\/cropped-LOGO_BADACHAZ_NEUTRE_FT.png\",\"width\":512,\"height\":512,\"caption\":\"Badachaz\"},\"image\":{\"@id\":\"https:\\\/\\\/www.badachaz.org\\\/#\\\/schema\\\/logo\\\/image\\\/\"}}]}<\/script>\n<!-- \/ Yoast SEO plugin. -->","yoast_head_json":{"title":"Photos -","robots":{"index":"index","follow":"follow","max-snippet":"max-snippet:-1","max-image-preview":"max-image-preview:large","max-video-preview":"max-video-preview:-1"},"canonical":"https:\/\/www.badachaz.org\/?page_id=63","og_locale":"fr_FR","og_type":"article","og_title":"Photos -","og_description":"Saison 2023-2024 BAD4 : Photos BAD4 podium : Photos Promobad L&rsquo;Arbresle : Photos Coupe du Rh\u00f4ne : Photos Team Challenge&hellip;","og_url":"https:\/\/www.badachaz.org\/?page_id=63","article_modified_time":"2024-09-09T18:00:43+00:00","twitter_card":"summary_large_image","twitter_misc":{"Dur\u00e9e de lecture estim\u00e9e":"2 minutes"},"schema":{"@context":"https:\/\/schema.org","@graph":[{"@type":"WebPage","@id":"https:\/\/www.badachaz.org\/?page_id=63","url":"https:\/\/www.badachaz.org\/?page_id=63","name":"Photos -","isPartOf":{"@id":"https:\/\/www.badachaz.org\/#website"},"datePublished":"2018-08-09T09:01:35+00:00","dateModified":"2024-09-09T18:00:43+00:00","breadcrumb":{"@id":"https:\/\/www.badachaz.org\/?page_id=63#breadcrumb"},"inLanguage":"fr-FR","potentialAction":[{"@type":"ReadAction","target":["https:\/\/www.badachaz.org\/?page_id=63"]}]},{"@type":"BreadcrumbList","@id":"https:\/\/www.badachaz.org\/?page_id=63#breadcrumb","itemListElement":[{"@type":"ListItem","position":1,"name":"Accueil","item":"https:\/\/www.badachaz.org\/"},{"@type":"ListItem","position":2,"name":"Photos"}]},{"@type":"WebSite","@id":"https:\/\/www.badachaz.org\/#website","url":"https:\/\/www.badachaz.org\/","name":"","description":"Badminton Club Chazay d&#039;Azergues","publisher":{"@id":"https:\/\/www.badachaz.org\/#organization"},"potentialAction":[{"@type":"SearchAction","target":{"@type":"EntryPoint","urlTemplate":"https:\/\/www.badachaz.org\/?s={search_term_string}"},"query-input":{"@type":"PropertyValueSpecification","valueRequired":true,"valueName":"search_term_string"}}],"inLanguage":"fr-FR"},{"@type":"Organization","@id":"https:\/\/www.badachaz.org\/#organization","name":"Badachaz","url":"https:\/\/www.badachaz.org\/","logo":{"@type":"ImageObject","inLanguage":"fr-FR","@id":"https:\/\/www.badachaz.org\/#\/schema\/logo\/image\/","url":"https:\/\/www.badachaz.org\/wp-content\/uploads\/2018\/08\/cropped-LOGO_BADACHAZ_NEUTRE_FT.png","contentUrl":"https:\/\/www.badachaz.org\/wp-content\/uploads\/2018\/08\/cropped-LOGO_BADACHAZ_NEUTRE_FT.png","width":512,"height":512,"caption":"Badachaz"},"image":{"@id":"https:\/\/www.badachaz.org\/#\/schema\/logo\/image\/"}}]}},"_links":{"self":[{"href":"https:\/\/www.badachaz.org\/index.php?rest_route=\/wp\/v2\/pages\/63","targetHints":{"allow":["GET"]}}],"collection":[{"href":"https:\/\/www.badachaz.org\/index.php?rest_route=\/wp\/v2\/pages"}],"about":[{"href":"https:\/\/www.badachaz.org\/index.php?rest_route=\/wp\/v2\/types\/page"}],"author":[{"embeddable":true,"href":"https:\/\/www.badachaz.org\/index.php?rest_route=\/wp\/v2\/users\/1"}],"replies":[{"embeddable":true,"href":"https:\/\/www.badachaz.org\/index.php?rest_route=%2Fwp%2Fv2%2Fcomments&post=63"}],"version-history":[{"count":46,"href":"https:\/\/www.badachaz.org\/index.php?rest_route=\/wp\/v2\/pages\/63\/revisions"}],"predecessor-version":[{"id":5593,"href":"https:\/\/www.badachaz.org\/index.php?rest_route=\/wp\/v2\/pages\/63\/revisions\/5593"}],"wp:attachment":[{"href":"https:\/\/www.badachaz.org\/index.php?rest_route=%2Fwp%2Fv2%2Fmedia&parent=63"}],"curies":[{"name":"wp","href":"https:\/\/api.w.org\/{rel}","templated":true}]}}